{"id":1143,"date":"2022-09-14T10:19:10","date_gmt":"2022-09-14T08:19:10","guid":{"rendered":"https:\/\/gdck-belimanastir.hr\/?page_id=1143"},"modified":"2022-09-14T10:23:41","modified_gmt":"2022-09-14T08:23:41","slug":"aktiviraj-se","status":"publish","type":"page","link":"https:\/\/gdck-belimanastir.hr\/?page_id=1143","title":{"rendered":"Aktiviraj se!"},"content":{"rendered":"\n<p>NOSITELJ: Hrvatski Crveni kri\u017e, Gradsko dru\u0161tvo Crvenog kri\u017ea Beli Manastir<\/p>\n\n\n\n<p>IZVOR FINANCIRANJA: Europski socijalni fond<\/p>\n\n\n\n<p>VRIJEDNOST: 1.272.051,65 kuna<\/p>\n\n\n\n<p>FAZA: U provedbi<\/p>\n\n\n\n<p>Projekt \u201cAktiviraj se!\u201d \u0107e kroz rad mobilnog tima prona\u0107i i motivirati neaktivne mlade osobe u NEET statusu te ih uvesti u projektne aktivnosti. Projekt \u0107e pridonijeti aktivnom tra\u017eenju posla i zapo\u0161ljivosti ciljne skupine provedbom verificiranih programa obrazovanja odraslih, odr\u017eavanjem edukacija za razvoj mekih i\/ili transverzalnih vje\u0161tina, mentorstvom socijalnog pedagoga i aktivnostima o informiranju na tr\u017ei\u0161tu rada. Ovim projektom \u0107e se osna\u017eiti i potaknuti na aktivno tra\u017eenje posla 15 osoba u NEET statusu \u010dime \u0107e se potencijalno smanjiti rizik od siroma\u0161tva i socijalne isklju\u010denosti.<\/p>\n\n\n\n<p>Svrha projekta je dose\u0107i mlade osobe koje se nalaze u NEET statusu u dobi od 15-29 godina, a \u017eive na podru\u010dju mikroregije Baranja, odnosno OB\u017d, te ih aktivirati i pru\u017eiti im podr\u0161ku kroz programe za razvoj i unaprje\u0111enje mekih i\/ili transverzalnih vje\u0161tina koje \u0107e im pomo\u0107i u osna\u017eivanju podizanju razine samopo\u0161tovanja, smanjiti \u0107e se njihova socijalna isklju\u010denost te \u0107e im pomo\u0107i u pobolj\u0161anju socijalnointerpersonalnih, komunikacijskih, prezentacijskih i pregovara\u010dkih vje\u0161tina. Tako\u0111er, uz mentorske sastanke \u201ejedan na jedan\u201c sa socijalnim pedagogom, omogu\u0107iti \u0107e im se psiholo\u0161ka podr\u0161ka i savjetovanje. Kroz verificirane programe obrazovanja, prema osobnom interesu i radionice o kretanjima na tr\u017ei\u0161tu rada, usmjeriti \u0107e ih se na aktivno tra\u017eenje posla i sprije\u010diti \u0107e se njihov povratak u NEET skupinu.<\/p>\n\n\n\n<p>Ciljevi projekta su:<\/p>\n\n\n\n<p>Oja\u010dati znanja i vje\u0161tine neaktivnih mladih osoba u NEET statusu provedbom verificiranih programa i edukacija za razvoj mekih i\/ili transverzalnih vje\u0161tina.<br>Individualni rad i mentorstvo, uz informiranje o stanju na tr\u017ei\u0161tu rada, neaktivnih mladih osoba u NEET statusu \u2013 radom \u201ejedan na jedan\u201c.<br>Provedba aktivnosti za ja\u010danje i primjenu novoste\u010denih znanja i vje\u0161tina mladih osoba u NEET statusu.<br>Ciljna skupina projekta su neaktivne mlade osobe koje su u NEET statusu u dobi od 15-29 godina na podru\u010dju mikroregije Baranja, odnosno OB\u017d.<\/p>\n\n\n\n<p>Projekt \u201eAktiviraj se!\u201c provoditi \u0107e se kroz 24 mjeseca. I to u razdoblju od 06.07.2021. do 06.07.2023.<\/p>\n\n\n\n<p>Ukupna vrijednost Projekta iznosi 1.272.051,65 kuna, od kojih EU sufinancira sa 91.89%.<\/p>\n\n\n\n<p>Nositelj projekta je Hrvatski Crveni kri\u017e, Gradsko dru\u0161tvo Crvenog kri\u017ea Beli Manastir.<\/p>\n\n\n\n<p>Partneri na projektu su Baranjska razvojna agencija Grada Belog Manastira, Udruga za ruralni turizam \u201c\u0110ola\u201d i Hrvatski zavod za zapo\u0161ljavanje, Podru\u010dna slu\u017eba Osijek.<\/p>\n\n\n\n<p>Projekt je sufinancirala Europska unija iz Europskog socijalnog fonda.<\/p>\n\n\n\n<p>\u201cZajedno do fondova EU\u201d<\/p>\n\n\n\n<p>\u201cSadr\u017eaj teksta isklju\u010diva je odgovornost Hrvatskog Crvenog kri\u017ea, Gradsko dru\u0161tvo Crvenog kri\u017ea Beli Manastir .\u201d<\/p>\n\n\n\n<figure class=\"wp-block-image size-large\"><img loading=\"lazy\" width=\"1000\" height=\"271\" src=\"https:\/\/gdck-belimanastir.hr\/wp-content\/uploads\/2022\/09\/Aktiviraj-se-ESIF.png\" alt=\"\" class=\"wp-image-1154\" srcset=\"https:\/\/gdck-belimanastir.hr\/wp-content\/uploads\/2022\/09\/Aktiviraj-se-ESIF.png 1000w, https:\/\/gdck-belimanastir.hr\/wp-content\/uploads\/2022\/09\/Aktiviraj-se-ESIF-300x81.png 300w, https:\/\/gdck-belimanastir.hr\/wp-content\/uploads\/2022\/09\/Aktiviraj-se-ESIF-768x208.png 768w\" sizes=\"(max-width: 1000px) 100vw, 1000px\" \/><\/figure>\n","protected":false},"excerpt":{"rendered":"<p>NOSITELJ: Hrvatski Crveni kri\u017e, Gradsko dru\u0161tvo Crvenog kri\u017ea Beli Manastir IZVOR FINANCIRANJA: Europski socijalni fond VRIJEDNOST: 1.272.051,65 kuna FAZA: U provedbi Projekt \u201cAktiviraj se!\u201d \u0107e kroz rad mobilnog tima prona\u0107i i motivirati neaktivne mlade osobe u NEET statusu te ih uvesti u projektne aktivnosti. Projekt \u0107e pridonijeti aktivnom tra\u017eenju posla i zapo\u0161ljivosti ciljne skupine provedbom [&hellip;]<\/p>\n","protected":false},"author":1,"featured_media":0,"parent":0,"menu_order":0,"comment_status":"closed","ping_status":"closed","template":"","meta":[],"_links":{"self":[{"href":"https:\/\/gdck-belimanastir.hr\/index.php?rest_route=\/wp\/v2\/pages\/1143"}],"collection":[{"href":"https:\/\/gdck-belimanastir.hr\/index.php?rest_route=\/wp\/v2\/pages"}],"about":[{"href":"https:\/\/gdck-belimanastir.hr\/index.php?rest_route=\/wp\/v2\/types\/page"}],"author":[{"embeddable":true,"href":"https:\/\/gdck-belimanastir.hr\/index.php?rest_route=\/wp\/v2\/users\/1"}],"replies":[{"embeddable":true,"href":"https:\/\/gdck-belimanastir.hr\/index.php?rest_route=%2Fwp%2Fv2%2Fcomments&post=1143"}],"version-history":[{"count":2,"href":"https:\/\/gdck-belimanastir.hr\/index.php?rest_route=\/wp\/v2\/pages\/1143\/revisions"}],"predecessor-version":[{"id":1155,"href":"https:\/\/gdck-belimanastir.hr\/index.php?rest_route=\/wp\/v2\/pages\/1143\/revisions\/1155"}],"wp:attachment":[{"href":"https:\/\/gdck-belimanastir.hr\/index.php?rest_route=%2Fwp%2Fv2%2Fmedia&parent=1143"}],"curies":[{"name":"wp","href":"https:\/\/api.w.org\/{rel}","templated":true}]}}