{"id":1145,"date":"2022-09-14T10:19:11","date_gmt":"2022-09-14T08:19:11","guid":{"rendered":"https:\/\/gdck-belimanastir.hr\/?page_id=1145"},"modified":"2022-09-14T10:45:39","modified_gmt":"2022-09-14T08:45:39","slug":"energetska-obnova-zgrade-gradskog-drustva-crvenog-kriza-beli-manastir","status":"publish","type":"page","link":"https:\/\/gdck-belimanastir.hr\/?page_id=1145","title":{"rendered":"Energetska obnova zgrade Gradskog dru\u0161tva Crvenog kri\u017ea Beli Manastir"},"content":{"rendered":"\n<p>NOSITELJ: Hrvatski Crveni kri\u017e, Gradsko dru\u0161tvo Crvenog kri\u017ea Beli Manastir<\/p>\n\n\n\n<p>IZVOR FINANCIRANJA: Fond za za\u0161titu okoli\u0161a i energetsku u\u010dinkovitost<\/p>\n\n\n\n<p>VRIJEDNOST: 444.944,38 kuna<\/p>\n\n\n\n<p>FAZA: Provedeni projekt<\/p>\n\n\n\n<p>Projekt \u201cPove\u0107anje energetske u\u010dinkovitosti zgrade Gradskog dru\u0161tva Crvenog kri\u017ea Beli Manastir\u201d je proveden u 2015. godini i zaposlenici prvi puta od 1963.g. dolaze na posao u prostor u kojemu ima grijanja. Radi se o projektu koji je pripremila i vodila Baranjska razvojna agencija Grada Belog Manastira, a financirao Fond za za\u0161titu okoli\u0161a i energetsku u\u010dinkovitost s udjelom od 78% te sljede\u0107i donatori:<\/p>\n\n\n\n<ol><li>Osje\u010dko-baranjska \u017eupanija 53.000,00 kn<\/li><li>Belje d.d. 25.000,00 kn<\/li><li>Dru\u0161tvo Crvenog kri\u017ea Osje\u010dko-baranjske \u017eupanije 16.500,00 kn<\/li><li>Grad Beli Manastir 11.900,00 kn<\/li><li>Hrvatski Crveni kri\u017e 5.000,00 k<\/li><li>Op\u0107ina Jagodnjak 1.000,00 kn<\/li><li>Op\u0107ina Popovac 1.000,00 kn<\/li><li>Op\u0107ina Petlovac 1.000,00 kn<\/li><li>Op\u0107ina Dra\u017e 1.500,00 kn<\/li><li>Op\u0107ina Kne\u017eevi Vinogradi 500,00 kn<\/li><\/ol>\n\n\n\n<p>Cijeli projekt vrijedan je 444.944,38 kn. Izvo\u0111a\u010d radova bila je tvrtka Zadravec d.o.o., a stru\u010dni nadzor vodila je tvrtka Trinas projekt d.o.o.<\/p>\n\n\n\n<div class=\"wp-block-envira-envira-gallery\"><div id=\"envira-gallery-wrap-1158\" class=\"envira-gallery-wrap envira-gallery-theme-base envira-lightbox-theme-base\" itemscope itemtype=\"https:\/\/schema.org\/ImageGallery\"><div style=\"opacity: 0.0\"  data-row-height=\"150\" data-gallery-theme=\"normal\" id=\"envira-gallery-1158\" class=\"envira-gallery-public envira-gallery-justified-public envira-gallery-0-columns envira-clear enviratope envira-gallery-css-animations\" data-envira-columns=\"0\"><div id=\"envira-gallery-item-1156\" class=\"envira-gallery-item enviratope-item envira-gallery-item-1 envira-lazy-load\" style=\"padding-left: 1px; padding-bottom: 1px; padding-right: 1px;\"  itemscope itemtype=\"https:\/\/schema.org\/ImageObject\"><div class=\"envira-gallery-item-inner\"><div class=\"envira-gallery-position-overlay  envira-gallery-top-left\"><\/div><div class=\"envira-gallery-position-overlay  envira-gallery-top-right\"><\/div><div class=\"envira-gallery-position-overlay  envira-gallery-bottom-left\"><\/div><div class=\"envira-gallery-position-overlay  envira-gallery-bottom-right\"><\/div><a href=\"https:\/\/gdck-belimanastir.hr\/wp-content\/uploads\/2022\/09\/eobnova1.jpg\" class=\"envira-gallery-1158 envira-gallery-link\" rel=\"enviragallery1158\" title=\"eobnova1\" data-envira-caption=\"eobnova1\" data-envira-retina=\"\" data-thumbnail=\"\"  itemprop=\"contentUrl\"><img id=\"envira-gallery-image-1156\" class=\"envira-gallery-image envira-gallery-image-1 envira-normal envira-lazy\" data-envira-index=\"1\" src=\"https:\/\/gdck-belimanastir.hr\/wp-content\/uploads\/2022\/09\/eobnova1-640x480.jpg\" data-envira-src=\"https:\/\/gdck-belimanastir.hr\/wp-content\/uploads\/2022\/09\/eobnova1-640x480.jpg\" data-envira-gallery-id=\"1158\" data-envira-item-id=\"1156\" data-envira-caption=\"eobnova1\" alt=\"\" title=\"eobnova1\"  itemprop=\"thumbnailUrl\" data-envira-srcset=\"https:\/\/gdck-belimanastir.hr\/wp-content\/uploads\/2022\/09\/eobnova1-640x480.jpg 400w,https:\/\/gdck-belimanastir.hr\/wp-content\/uploads\/2022\/09\/eobnova1-640x480.jpg 2x\" data-envira-width=\"300\" data-envira-height=\"200\" srcset=\"data:image\/gif;base64,R0lGODlhAQABAIAAAP\/\/\/\/\/\/\/yH5BAEKAAEALAAAAAABAAEAAAICTAEAOw==\" data-safe-src=\"data:image\/gif;base64,R0lGODlhAQABAIAAAP\/\/\/\/\/\/\/yH5BAEKAAEALAAAAAABAAEAAAICTAEAOw==\" \/><\/a><\/div><\/div><div id=\"envira-gallery-item-1157\" class=\"envira-gallery-item enviratope-item envira-gallery-item-2 envira-lazy-load\" style=\"padding-left: 1px; padding-bottom: 1px; padding-right: 1px;\"  itemscope itemtype=\"https:\/\/schema.org\/ImageObject\"><div class=\"envira-gallery-item-inner\"><div class=\"envira-gallery-position-overlay  envira-gallery-top-left\"><\/div><div class=\"envira-gallery-position-overlay  envira-gallery-top-right\"><\/div><div class=\"envira-gallery-position-overlay  envira-gallery-bottom-left\"><\/div><div class=\"envira-gallery-position-overlay  envira-gallery-bottom-right\"><\/div><a href=\"https:\/\/gdck-belimanastir.hr\/wp-content\/uploads\/2022\/09\/eobnova2.jpg\" class=\"envira-gallery-1158 envira-gallery-link\" rel=\"enviragallery1158\" title=\"eobnova2\" data-envira-caption=\"eobnova2\" data-envira-retina=\"\" data-thumbnail=\"\"  itemprop=\"contentUrl\"><img id=\"envira-gallery-image-1157\" class=\"envira-gallery-image envira-gallery-image-2 envira-normal envira-lazy\" data-envira-index=\"2\" src=\"https:\/\/gdck-belimanastir.hr\/wp-content\/uploads\/2022\/09\/eobnova2-1024x681-640x480.jpg\" data-envira-src=\"https:\/\/gdck-belimanastir.hr\/wp-content\/uploads\/2022\/09\/eobnova2-1024x681-640x480.jpg\" data-envira-gallery-id=\"1158\" data-envira-item-id=\"1157\" data-envira-caption=\"eobnova2\" alt=\"\" title=\"eobnova2\"  itemprop=\"thumbnailUrl\" data-envira-srcset=\"https:\/\/gdck-belimanastir.hr\/wp-content\/uploads\/2022\/09\/eobnova2-1024x681-640x480.jpg 400w,https:\/\/gdck-belimanastir.hr\/wp-content\/uploads\/2022\/09\/eobnova2-1024x681-640x480.jpg 2x\" data-envira-width=\"300\" data-envira-height=\"200\" srcset=\"data:image\/gif;base64,R0lGODlhAQABAIAAAP\/\/\/\/\/\/\/yH5BAEKAAEALAAAAAABAAEAAAICTAEAOw==\" data-safe-src=\"data:image\/gif;base64,R0lGODlhAQABAIAAAP\/\/\/\/\/\/\/yH5BAEKAAEALAAAAAABAAEAAAICTAEAOw==\" \/><\/a><\/div><\/div><\/div><\/div><noscript><img src=\"https:\/\/gdck-belimanastir.hr\/wp-content\/uploads\/2022\/09\/eobnova1.jpg\" alt=\"\" \/><img src=\"https:\/\/gdck-belimanastir.hr\/wp-content\/uploads\/2022\/09\/eobnova2.jpg\" alt=\"\" \/><\/noscript><\/div>\n","protected":false},"excerpt":{"rendered":"<p>NOSITELJ: Hrvatski Crveni kri\u017e, Gradsko dru\u0161tvo Crvenog kri\u017ea Beli Manastir IZVOR FINANCIRANJA: Fond za za\u0161titu okoli\u0161a i energetsku u\u010dinkovitost VRIJEDNOST: 444.944,38 kuna FAZA: Provedeni projekt Projekt \u201cPove\u0107anje energetske u\u010dinkovitosti zgrade Gradskog dru\u0161tva Crvenog kri\u017ea Beli Manastir\u201d je proveden u 2015. godini i zaposlenici prvi puta od 1963.g. dolaze na posao u prostor u kojemu ima [&hellip;]<\/p>\n","protected":false},"author":1,"featured_media":0,"parent":0,"menu_order":0,"comment_status":"closed","ping_status":"closed","template":"","meta":[],"_links":{"self":[{"href":"https:\/\/gdck-belimanastir.hr\/index.php?rest_route=\/wp\/v2\/pages\/1145"}],"collection":[{"href":"https:\/\/gdck-belimanastir.hr\/index.php?rest_route=\/wp\/v2\/pages"}],"about":[{"href":"https:\/\/gdck-belimanastir.hr\/index.php?rest_route=\/wp\/v2\/types\/page"}],"author":[{"embeddable":true,"href":"https:\/\/gdck-belimanastir.hr\/index.php?rest_route=\/wp\/v2\/users\/1"}],"replies":[{"embeddable":true,"href":"https:\/\/gdck-belimanastir.hr\/index.php?rest_route=%2Fwp%2Fv2%2Fcomments&post=1145"}],"version-history":[{"count":2,"href":"https:\/\/gdck-belimanastir.hr\/index.php?rest_route=\/wp\/v2\/pages\/1145\/revisions"}],"predecessor-version":[{"id":1159,"href":"https:\/\/gdck-belimanastir.hr\/index.php?rest_route=\/wp\/v2\/pages\/1145\/revisions\/1159"}],"wp:attachment":[{"href":"https:\/\/gdck-belimanastir.hr\/index.php?rest_route=%2Fwp%2Fv2%2Fmedia&parent=1145"}],"curies":[{"name":"wp","href":"https:\/\/api.w.org\/{rel}","templated":true}]}}