{"id":1146,"date":"2022-09-14T10:19:11","date_gmt":"2022-09-14T08:19:11","guid":{"rendered":"https:\/\/gdck-belimanastir.hr\/?page_id=1146"},"modified":"2022-09-14T10:33:42","modified_gmt":"2022-09-14T08:33:42","slug":"projekt-osiguranja-prehrane-ucenicima-iz-socijalno-ugrozenih-obitelji","status":"publish","type":"page","link":"https:\/\/gdck-belimanastir.hr\/?page_id=1146","title":{"rendered":"Projekt osiguranja prehrane u\u010denicima iz socijalno ugro\u017eenih obitelji"},"content":{"rendered":"\n<p>NOSITELJ: Hrvatski Crveni kri\u017e, Gradsko dru\u0161tvo Crvenog kri\u017ea Beli Manastir<\/p>\n\n\n\n<p>IZVOR FINANCIRANJA: Ministarstvo socijalne politike i mladih Republike Hrvatske<\/p>\n\n\n\n<p>VRIJEDNOST: 530.000,00 kuna<\/p>\n\n\n\n<p>FAZA: Provedeni projekt<\/p>\n\n\n\n<p>Gradsko dru\u0161tvo Crvenog kri\u017ea Beli Manastir kroz partnerstvo sa osam \u0161kola i Baranjskom razvojnom agencijom Grada Belog Manastira provodi projekt osiguranja prehrane u\u010denicima iz socijalno ugro\u017eenih obitelji.<\/p>\n\n\n\n<p>Partneri projekta su O\u0160 \u201eDr. Franjo Tu\u0111man\u201c Beli Manastir, O\u0160 \u0160e\u0107erana, O\u0160 Popovac, O\u0160 Dra\u017e, O\u0160 Zmajevac, O\u0160 Kne\u017eevi Vinogradi, O\u0160 \u010ceminac i O\u0160 Jagodnjak, a projekt osigurava topli obrok za 510 u\u010denika iz socijalno ugro\u017eenih obitelji tijekom cijele \u0161kolske godine 2015.\/2016.<\/p>\n\n\n\n<p>Prvotno je u njega bilo uklju\u010deno 488 u\u010denika, a po\u010detkom nove \u0161kolske godine ukazala se potreba za osiguranjem obroka za jo\u0161 22 u\u010denika. Projekt financira Ministarstvo socijalne politike i mladih Republike Hrvatske, a ukupna vrijednost mu je 530.000,00 kuna.<\/p>\n\n\n\n<div class=\"wp-block-envira-envira-gallery\"><div id=\"envira-gallery-wrap-1161\" class=\"envira-gallery-wrap envira-gallery-theme-base envira-lightbox-theme-base\" itemscope itemtype=\"https:\/\/schema.org\/ImageGallery\"><div style=\"opacity: 0.0\"  data-row-height=\"150\" data-gallery-theme=\"normal\" id=\"envira-gallery-1161\" class=\"envira-gallery-public envira-gallery-justified-public envira-gallery-0-columns envira-clear enviratope envira-gallery-css-animations\" data-envira-columns=\"0\"><div id=\"envira-gallery-item-1160\" class=\"envira-gallery-item enviratope-item envira-gallery-item-1 envira-lazy-load\" style=\"padding-left: 1px; padding-bottom: 1px; padding-right: 1px;\"  itemscope itemtype=\"https:\/\/schema.org\/ImageObject\"><div class=\"envira-gallery-item-inner\"><div class=\"envira-gallery-position-overlay  envira-gallery-top-left\"><\/div><div class=\"envira-gallery-position-overlay  envira-gallery-top-right\"><\/div><div class=\"envira-gallery-position-overlay  envira-gallery-bottom-left\"><\/div><div class=\"envira-gallery-position-overlay  envira-gallery-bottom-right\"><\/div><a href=\"https:\/\/gdck-belimanastir.hr\/wp-content\/uploads\/2022\/09\/prehrana1.jpg\" class=\"envira-gallery-1161 envira-gallery-link\" rel=\"enviragallery1161\" title=\"prehrana1\" data-envira-caption=\"prehrana1\" data-envira-retina=\"\" data-thumbnail=\"\"  itemprop=\"contentUrl\"><img id=\"envira-gallery-image-1160\" class=\"envira-gallery-image envira-gallery-image-1 envira-normal envira-lazy\" data-envira-index=\"1\" src=\"https:\/\/gdck-belimanastir.hr\/wp-content\/uploads\/2022\/09\/prehrana1-640x480.jpg\" data-envira-src=\"https:\/\/gdck-belimanastir.hr\/wp-content\/uploads\/2022\/09\/prehrana1-640x480.jpg\" data-envira-gallery-id=\"1161\" data-envira-item-id=\"1160\" data-envira-caption=\"prehrana1\" alt=\"\" title=\"prehrana1\"  itemprop=\"thumbnailUrl\" data-envira-srcset=\"https:\/\/gdck-belimanastir.hr\/wp-content\/uploads\/2022\/09\/prehrana1-640x480.jpg 400w,https:\/\/gdck-belimanastir.hr\/wp-content\/uploads\/2022\/09\/prehrana1-640x480.jpg 2x\" data-envira-width=\"300\" data-envira-height=\"199\" srcset=\"data:image\/gif;base64,R0lGODlhAQABAIAAAP\/\/\/\/\/\/\/yH5BAEKAAEALAAAAAABAAEAAAICTAEAOw==\" data-safe-src=\"data:image\/gif;base64,R0lGODlhAQABAIAAAP\/\/\/\/\/\/\/yH5BAEKAAEALAAAAAABAAEAAAICTAEAOw==\" \/><\/a><\/div><\/div><\/div><\/div><noscript><img src=\"https:\/\/gdck-belimanastir.hr\/wp-content\/uploads\/2022\/09\/prehrana1.jpg\" alt=\"\" \/><\/noscript><\/div>\n","protected":false},"excerpt":{"rendered":"<p>NOSITELJ: Hrvatski Crveni kri\u017e, Gradsko dru\u0161tvo Crvenog kri\u017ea Beli Manastir IZVOR FINANCIRANJA: Ministarstvo socijalne politike i mladih Republike Hrvatske VRIJEDNOST: 530.000,00 kuna FAZA: Provedeni projekt Gradsko dru\u0161tvo Crvenog kri\u017ea Beli Manastir kroz partnerstvo sa osam \u0161kola i Baranjskom razvojnom agencijom Grada Belog Manastira provodi projekt osiguranja prehrane u\u010denicima iz socijalno ugro\u017eenih obitelji. Partneri projekta su [&hellip;]<\/p>\n","protected":false},"author":1,"featured_media":0,"parent":0,"menu_order":0,"comment_status":"closed","ping_status":"closed","template":"","meta":[],"_links":{"self":[{"href":"https:\/\/gdck-belimanastir.hr\/index.php?rest_route=\/wp\/v2\/pages\/1146"}],"collection":[{"href":"https:\/\/gdck-belimanastir.hr\/index.php?rest_route=\/wp\/v2\/pages"}],"about":[{"href":"https:\/\/gdck-belimanastir.hr\/index.php?rest_route=\/wp\/v2\/types\/page"}],"author":[{"embeddable":true,"href":"https:\/\/gdck-belimanastir.hr\/index.php?rest_route=\/wp\/v2\/users\/1"}],"replies":[{"embeddable":true,"href":"https:\/\/gdck-belimanastir.hr\/index.php?rest_route=%2Fwp%2Fv2%2Fcomments&post=1146"}],"version-history":[{"count":2,"href":"https:\/\/gdck-belimanastir.hr\/index.php?rest_route=\/wp\/v2\/pages\/1146\/revisions"}],"predecessor-version":[{"id":1162,"href":"https:\/\/gdck-belimanastir.hr\/index.php?rest_route=\/wp\/v2\/pages\/1146\/revisions\/1162"}],"wp:attachment":[{"href":"https:\/\/gdck-belimanastir.hr\/index.php?rest_route=%2Fwp%2Fv2%2Fmedia&parent=1146"}],"curies":[{"name":"wp","href":"https:\/\/api.w.org\/{rel}","templated":true}]}}