{"id":1169,"date":"2022-09-14T10:41:07","date_gmt":"2022-09-14T08:41:07","guid":{"rendered":"https:\/\/gdck-belimanastir.hr\/?page_id=1169"},"modified":"2022-09-14T10:54:34","modified_gmt":"2022-09-14T08:54:34","slug":"zajedno-za-bolju-i-sretniju-buducnost","status":"publish","type":"page","link":"https:\/\/gdck-belimanastir.hr\/?page_id=1169","title":{"rendered":"Zajedno za bolju i sretniju budu\u0107nost"},"content":{"rendered":"\n<p>NOSITELJ: Hrvatski Crveni kri\u017e, Gradsko dru\u0161tvo Crvenog kri\u017ea Beli Manastir<\/p>\n\n\n\n<p>PARTNERI: Grad Beli Manastir, Op\u0107ine Petlovac i Popovac, Centar za socijalnu skrb Beli Manastir i Hrvatski zavod za zapo\u0161ljavanje \u2013 Regionalni ured Osijek<\/p>\n\n\n\n<p>IZVOR FINANCIRANJA: Europski socijalni fond<\/p>\n\n\n\n<p>VRIJEDNOST: 9.763.855,19 kuna<\/p>\n\n\n\n<p>FAZA: Provedeni projekt<\/p>\n\n\n\n<p>Projekt \u201eZajedno za bolju i sretniju budu\u0107nost\u201c iz \u201eZa\u017eeli \u2013 Programa zapo\u0161ljavanja \u017eena\u201c financiran je sredstvima Europskog socijalnog fonda u iznosu od 9.763.855,19 kuna. Nositelj projekta bio je Hrvatski Crveni kri\u017e \u2013 Gradsko dru\u0161tvo Crvenog kri\u017ea Beli Manastir, a partneri su bili Grad Beli Manastir, Op\u0107ine Petlovac i Popovac te Centar za socijalnu skrb Beli Manastir i Hrvatski zavod za zapo\u0161ljavanje \u2013 Regionalni ured Osijek. Dobivenim iskustvom tijekom dvogodi\u0161njeg rada i ste\u010denom kvalifikacijom projekt je izravno utjecao na pove\u0107anje razine zapo\u0161ljivosti \u017eena, kao i na pove\u0107anje njihove socijalne uklju\u010denosti u dru\u0161tvo te smanjenje rizika od siroma\u0161tva. Ovaj projekt izabran je kao jedan od 100 najuspje\u0161nijih projekata u Hrvatskoj, a na dana\u0161njoj su konferenciji gerontodoma\u0107icama i partnerima uru\u010dene diplome, zahvalnice i pokloni.<\/p>\n\n\n\n<div class=\"wp-block-envira-envira-gallery\"><div id=\"envira-gallery-wrap-1175\" class=\"envira-gallery-wrap envira-gallery-theme-base envira-lightbox-theme-base\" itemscope itemtype=\"https:\/\/schema.org\/ImageGallery\"><div style=\"opacity: 0.0\"  data-row-height=\"150\" data-gallery-theme=\"normal\" id=\"envira-gallery-1175\" class=\"envira-gallery-public envira-gallery-justified-public envira-gallery-0-columns envira-clear enviratope envira-gallery-css-animations\" data-envira-columns=\"0\"><div id=\"envira-gallery-item-1154\" class=\"envira-gallery-item enviratope-item envira-gallery-item-1 envira-lazy-load\" style=\"padding-left: 1px; padding-bottom: 1px; padding-right: 1px;\"  itemscope itemtype=\"https:\/\/schema.org\/ImageObject\"><div class=\"envira-gallery-item-inner\"><div class=\"envira-gallery-position-overlay  envira-gallery-top-left\"><\/div><div class=\"envira-gallery-position-overlay  envira-gallery-top-right\"><\/div><div class=\"envira-gallery-position-overlay  envira-gallery-bottom-left\"><\/div><div class=\"envira-gallery-position-overlay  envira-gallery-bottom-right\"><\/div><a href=\"https:\/\/gdck-belimanastir.hr\/wp-content\/uploads\/2022\/09\/Aktiviraj-se-ESIF.png\" class=\"envira-gallery-1175 envira-gallery-link\" rel=\"enviragallery1175\" title=\"Aktiviraj-se-ESIF\" data-envira-caption=\"Aktiviraj-se-ESIF\" data-envira-retina=\"\" data-thumbnail=\"\"  itemprop=\"contentUrl\"><img id=\"envira-gallery-image-1154\" class=\"envira-gallery-image envira-gallery-image-1 envira-normal envira-lazy\" data-envira-index=\"1\" src=\"https:\/\/gdck-belimanastir.hr\/wp-content\/uploads\/2022\/09\/Aktiviraj-se-ESIF-640x480.png\" data-envira-src=\"https:\/\/gdck-belimanastir.hr\/wp-content\/uploads\/2022\/09\/Aktiviraj-se-ESIF-640x480.png\" data-envira-gallery-id=\"1175\" data-envira-item-id=\"1154\" data-envira-caption=\"Aktiviraj-se-ESIF\" alt=\"\" title=\"Aktiviraj-se-ESIF\"  itemprop=\"thumbnailUrl\" data-envira-srcset=\"https:\/\/gdck-belimanastir.hr\/wp-content\/uploads\/2022\/09\/Aktiviraj-se-ESIF-640x480.png 400w,https:\/\/gdck-belimanastir.hr\/wp-content\/uploads\/2022\/09\/Aktiviraj-se-ESIF-640x480.png 2x\" data-envira-width=\"300\" data-envira-height=\"81\" srcset=\"data:image\/gif;base64,R0lGODlhAQABAIAAAP\/\/\/\/\/\/\/yH5BAEKAAEALAAAAAABAAEAAAICTAEAOw==\" data-safe-src=\"data:image\/gif;base64,R0lGODlhAQABAIAAAP\/\/\/\/\/\/\/yH5BAEKAAEALAAAAAABAAEAAAICTAEAOw==\" \/><\/a><\/div><\/div><\/div><\/div><noscript><img src=\"https:\/\/gdck-belimanastir.hr\/wp-content\/uploads\/2022\/09\/Aktiviraj-se-ESIF.png\" alt=\"\" \/><\/noscript><\/div>\n\n\n\n<div class=\"wp-block-envira-envira-gallery\"><div id=\"envira-gallery-wrap-1188\" class=\"envira-gallery-wrap envira-gallery-theme-base envira-lightbox-theme-base\" itemscope itemtype=\"https:\/\/schema.org\/ImageGallery\"><div style=\"opacity: 0.0\"  data-row-height=\"150\" data-gallery-theme=\"normal\" id=\"envira-gallery-1188\" class=\"envira-gallery-public envira-gallery-justified-public envira-gallery-0-columns envira-clear enviratope envira-gallery-css-animations\" data-envira-columns=\"0\"><div id=\"envira-gallery-item-1183\" class=\"envira-gallery-item enviratope-item envira-gallery-item-1 envira-lazy-load\" style=\"padding-left: 1px; padding-bottom: 1px; padding-right: 1px;\"  itemscope itemtype=\"https:\/\/schema.org\/ImageObject\"><div class=\"envira-gallery-item-inner\"><div class=\"envira-gallery-position-overlay  envira-gallery-top-left\"><\/div><div class=\"envira-gallery-position-overlay  envira-gallery-top-right\"><\/div><div class=\"envira-gallery-position-overlay  envira-gallery-bottom-left\"><\/div><div class=\"envira-gallery-position-overlay  envira-gallery-bottom-right\"><\/div><a href=\"https:\/\/gdck-belimanastir.hr\/wp-content\/uploads\/2022\/09\/zz1-1-scaled.jpg\" class=\"envira-gallery-1188 envira-gallery-link\" rel=\"enviragallery1188\" title=\"zz1-1\" data-envira-caption=\"zz1-1\" data-envira-retina=\"\" data-thumbnail=\"\"  itemprop=\"contentUrl\"><img id=\"envira-gallery-image-1183\" class=\"envira-gallery-image envira-gallery-image-1 envira-normal envira-lazy\" data-envira-index=\"1\" src=\"https:\/\/gdck-belimanastir.hr\/wp-content\/uploads\/2022\/09\/zz1-1-1024x684-640x480.jpg\" data-envira-src=\"https:\/\/gdck-belimanastir.hr\/wp-content\/uploads\/2022\/09\/zz1-1-1024x684-640x480.jpg\" data-envira-gallery-id=\"1188\" data-envira-item-id=\"1183\" data-envira-caption=\"zz1-1\" alt=\"\" title=\"zz1-1\"  itemprop=\"thumbnailUrl\" data-envira-srcset=\"https:\/\/gdck-belimanastir.hr\/wp-content\/uploads\/2022\/09\/zz1-1-1024x684-640x480.jpg 400w,https:\/\/gdck-belimanastir.hr\/wp-content\/uploads\/2022\/09\/zz1-1-1024x684-640x480.jpg 2x\" data-envira-width=\"300\" data-envira-height=\"200\" srcset=\"data:image\/gif;base64,R0lGODlhAQABAIAAAP\/\/\/\/\/\/\/yH5BAEKAAEALAAAAAABAAEAAAICTAEAOw==\" data-safe-src=\"data:image\/gif;base64,R0lGODlhAQABAIAAAP\/\/\/\/\/\/\/yH5BAEKAAEALAAAAAABAAEAAAICTAEAOw==\" \/><\/a><\/div><\/div><div id=\"envira-gallery-item-1184\" class=\"envira-gallery-item enviratope-item envira-gallery-item-2 envira-lazy-load\" style=\"padding-left: 1px; padding-bottom: 1px; padding-right: 1px;\"  itemscope itemtype=\"https:\/\/schema.org\/ImageObject\"><div class=\"envira-gallery-item-inner\"><div class=\"envira-gallery-position-overlay  envira-gallery-top-left\"><\/div><div class=\"envira-gallery-position-overlay  envira-gallery-top-right\"><\/div><div class=\"envira-gallery-position-overlay  envira-gallery-bottom-left\"><\/div><div class=\"envira-gallery-position-overlay  envira-gallery-bottom-right\"><\/div><a href=\"https:\/\/gdck-belimanastir.hr\/wp-content\/uploads\/2022\/09\/zz2-scaled.jpg\" class=\"envira-gallery-1188 envira-gallery-link\" rel=\"enviragallery1188\" title=\"zz2\" data-envira-caption=\"zz2\" data-envira-retina=\"\" data-thumbnail=\"\"  itemprop=\"contentUrl\"><img id=\"envira-gallery-image-1184\" class=\"envira-gallery-image envira-gallery-image-2 envira-normal envira-lazy\" data-envira-index=\"2\" src=\"https:\/\/gdck-belimanastir.hr\/wp-content\/uploads\/2022\/09\/zz2-1024x684-640x480.jpg\" data-envira-src=\"https:\/\/gdck-belimanastir.hr\/wp-content\/uploads\/2022\/09\/zz2-1024x684-640x480.jpg\" data-envira-gallery-id=\"1188\" data-envira-item-id=\"1184\" data-envira-caption=\"zz2\" alt=\"\" title=\"zz2\"  itemprop=\"thumbnailUrl\" data-envira-srcset=\"https:\/\/gdck-belimanastir.hr\/wp-content\/uploads\/2022\/09\/zz2-1024x684-640x480.jpg 400w,https:\/\/gdck-belimanastir.hr\/wp-content\/uploads\/2022\/09\/zz2-1024x684-640x480.jpg 2x\" data-envira-width=\"300\" data-envira-height=\"200\" srcset=\"data:image\/gif;base64,R0lGODlhAQABAIAAAP\/\/\/\/\/\/\/yH5BAEKAAEALAAAAAABAAEAAAICTAEAOw==\" data-safe-src=\"data:image\/gif;base64,R0lGODlhAQABAIAAAP\/\/\/\/\/\/\/yH5BAEKAAEALAAAAAABAAEAAAICTAEAOw==\" \/><\/a><\/div><\/div><div id=\"envira-gallery-item-1185\" class=\"envira-gallery-item enviratope-item envira-gallery-item-3 envira-lazy-load\" style=\"padding-left: 1px; padding-bottom: 1px; padding-right: 1px;\"  itemscope itemtype=\"https:\/\/schema.org\/ImageObject\"><div class=\"envira-gallery-item-inner\"><div class=\"envira-gallery-position-overlay  envira-gallery-top-left\"><\/div><div class=\"envira-gallery-position-overlay  envira-gallery-top-right\"><\/div><div class=\"envira-gallery-position-overlay  envira-gallery-bottom-left\"><\/div><div class=\"envira-gallery-position-overlay  envira-gallery-bottom-right\"><\/div><a href=\"https:\/\/gdck-belimanastir.hr\/wp-content\/uploads\/2022\/09\/zz3-1-scaled.jpg\" class=\"envira-gallery-1188 envira-gallery-link\" rel=\"enviragallery1188\" title=\"zz3-1\" data-envira-caption=\"zz3-1\" data-envira-retina=\"\" data-thumbnail=\"\"  itemprop=\"contentUrl\"><img id=\"envira-gallery-image-1185\" class=\"envira-gallery-image envira-gallery-image-3 envira-normal envira-lazy\" data-envira-index=\"3\" src=\"https:\/\/gdck-belimanastir.hr\/wp-content\/uploads\/2022\/09\/zz3-1-1024x684-640x480.jpg\" data-envira-src=\"https:\/\/gdck-belimanastir.hr\/wp-content\/uploads\/2022\/09\/zz3-1-1024x684-640x480.jpg\" data-envira-gallery-id=\"1188\" data-envira-item-id=\"1185\" data-envira-caption=\"zz3-1\" alt=\"\" title=\"zz3-1\"  itemprop=\"thumbnailUrl\" data-envira-srcset=\"https:\/\/gdck-belimanastir.hr\/wp-content\/uploads\/2022\/09\/zz3-1-1024x684-640x480.jpg 400w,https:\/\/gdck-belimanastir.hr\/wp-content\/uploads\/2022\/09\/zz3-1-1024x684-640x480.jpg 2x\" data-envira-width=\"300\" data-envira-height=\"200\" srcset=\"data:image\/gif;base64,R0lGODlhAQABAIAAAP\/\/\/\/\/\/\/yH5BAEKAAEALAAAAAABAAEAAAICTAEAOw==\" data-safe-src=\"data:image\/gif;base64,R0lGODlhAQABAIAAAP\/\/\/\/\/\/\/yH5BAEKAAEALAAAAAABAAEAAAICTAEAOw==\" \/><\/a><\/div><\/div><div id=\"envira-gallery-item-1186\" class=\"envira-gallery-item enviratope-item envira-gallery-item-4 envira-lazy-load\" style=\"padding-left: 1px; padding-bottom: 1px; padding-right: 1px;\"  itemscope itemtype=\"https:\/\/schema.org\/ImageObject\"><div class=\"envira-gallery-item-inner\"><div class=\"envira-gallery-position-overlay  envira-gallery-top-left\"><\/div><div class=\"envira-gallery-position-overlay  envira-gallery-top-right\"><\/div><div class=\"envira-gallery-position-overlay  envira-gallery-bottom-left\"><\/div><div class=\"envira-gallery-position-overlay  envira-gallery-bottom-right\"><\/div><a href=\"https:\/\/gdck-belimanastir.hr\/wp-content\/uploads\/2022\/09\/zz4-1-scaled.jpg\" class=\"envira-gallery-1188 envira-gallery-link\" rel=\"enviragallery1188\" title=\"zz4-1\" data-envira-caption=\"zz4-1\" data-envira-retina=\"\" data-thumbnail=\"\"  itemprop=\"contentUrl\"><img id=\"envira-gallery-image-1186\" class=\"envira-gallery-image envira-gallery-image-4 envira-normal envira-lazy\" data-envira-index=\"4\" src=\"https:\/\/gdck-belimanastir.hr\/wp-content\/uploads\/2022\/09\/zz4-1-1024x684-640x480.jpg\" data-envira-src=\"https:\/\/gdck-belimanastir.hr\/wp-content\/uploads\/2022\/09\/zz4-1-1024x684-640x480.jpg\" data-envira-gallery-id=\"1188\" data-envira-item-id=\"1186\" data-envira-caption=\"zz4-1\" alt=\"\" title=\"zz4-1\"  itemprop=\"thumbnailUrl\" data-envira-srcset=\"https:\/\/gdck-belimanastir.hr\/wp-content\/uploads\/2022\/09\/zz4-1-1024x684-640x480.jpg 400w,https:\/\/gdck-belimanastir.hr\/wp-content\/uploads\/2022\/09\/zz4-1-1024x684-640x480.jpg 2x\" data-envira-width=\"300\" data-envira-height=\"200\" srcset=\"data:image\/gif;base64,R0lGODlhAQABAIAAAP\/\/\/\/\/\/\/yH5BAEKAAEALAAAAAABAAEAAAICTAEAOw==\" data-safe-src=\"data:image\/gif;base64,R0lGODlhAQABAIAAAP\/\/\/\/\/\/\/yH5BAEKAAEALAAAAAABAAEAAAICTAEAOw==\" \/><\/a><\/div><\/div><\/div><\/div><noscript><img src=\"https:\/\/gdck-belimanastir.hr\/wp-content\/uploads\/2022\/09\/zz1-1-scaled.jpg\" alt=\"\" \/><img src=\"https:\/\/gdck-belimanastir.hr\/wp-content\/uploads\/2022\/09\/zz2-scaled.jpg\" alt=\"\" \/><img src=\"https:\/\/gdck-belimanastir.hr\/wp-content\/uploads\/2022\/09\/zz3-1-scaled.jpg\" alt=\"\" \/><img src=\"https:\/\/gdck-belimanastir.hr\/wp-content\/uploads\/2022\/09\/zz4-1-scaled.jpg\" alt=\"\" \/><\/noscript><\/div>\n","protected":false},"excerpt":{"rendered":"<p>NOSITELJ: Hrvatski Crveni kri\u017e, Gradsko dru\u0161tvo Crvenog kri\u017ea Beli Manastir PARTNERI: Grad Beli Manastir, Op\u0107ine Petlovac i Popovac, Centar za socijalnu skrb Beli Manastir i Hrvatski zavod za zapo\u0161ljavanje \u2013 Regionalni ured Osijek IZVOR FINANCIRANJA: Europski socijalni fond VRIJEDNOST: 9.763.855,19 kuna FAZA: Provedeni projekt Projekt \u201eZajedno za bolju i sretniju budu\u0107nost\u201c iz \u201eZa\u017eeli \u2013 Programa [&hellip;]<\/p>\n","protected":false},"author":1,"featured_media":0,"parent":0,"menu_order":0,"comment_status":"closed","ping_status":"closed","template":"","meta":[],"_links":{"self":[{"href":"https:\/\/gdck-belimanastir.hr\/index.php?rest_route=\/wp\/v2\/pages\/1169"}],"collection":[{"href":"https:\/\/gdck-belimanastir.hr\/index.php?rest_route=\/wp\/v2\/pages"}],"about":[{"href":"https:\/\/gdck-belimanastir.hr\/index.php?rest_route=\/wp\/v2\/types\/page"}],"author":[{"embeddable":true,"href":"https:\/\/gdck-belimanastir.hr\/index.php?rest_route=\/wp\/v2\/users\/1"}],"replies":[{"embeddable":true,"href":"https:\/\/gdck-belimanastir.hr\/index.php?rest_route=%2Fwp%2Fv2%2Fcomments&post=1169"}],"version-history":[{"count":4,"href":"https:\/\/gdck-belimanastir.hr\/index.php?rest_route=\/wp\/v2\/pages\/1169\/revisions"}],"predecessor-version":[{"id":1189,"href":"https:\/\/gdck-belimanastir.hr\/index.php?rest_route=\/wp\/v2\/pages\/1169\/revisions\/1189"}],"wp:attachment":[{"href":"https:\/\/gdck-belimanastir.hr\/index.php?rest_route=%2Fwp%2Fv2%2Fmedia&parent=1169"}],"curies":[{"name":"wp","href":"https:\/\/api.w.org\/{rel}","templated":true}]}}