{"id":181,"date":"2020-10-19T16:58:31","date_gmt":"2020-10-19T14:58:31","guid":{"rendered":"http:\/\/gdck-belimanastir.hr\/?page_id=181"},"modified":"2020-10-19T17:23:20","modified_gmt":"2020-10-19T15:23:20","slug":"o-nama","status":"publish","type":"page","link":"https:\/\/gdck-belimanastir.hr\/?page_id=181","title":{"rendered":"O nama"},"content":{"rendered":"\n<p class=\"has-text-align-left\">Hrvatski Crveni kri\u017e nacionalno je dru\u0161tvo Crvenog kri\u017ea koje nepristrano i bez diskriminacije djeluje na teritoriju Republike Hrvatske, a u svrhu promicanja i ostvarivanja humanitarnih ciljeva i programa od op\u0107e koristi. Djeluje kao neprofitna pravna osoba u rje\u0161avanju humanitarnih pitanja, organiziranju zdravstvenih i socijalnih programa, pripremanju stanovni\u0161tva za djelovanje u masovnim nesre\u0107ama i katastrofama kao i u djelovanju u smanjenju i uklanjanju posljedica masovnih nesre\u0107a i katastrofa. U sustavu Hrvatskog Crvenog kri\u017ea djeluje 131 \u017eupanijsko, gradsko i op\u0107insko dru\u0161tvo Crvenoga kri\u017ea.<\/p>\n\n\n\n<p>Gradsko dru\u0161tvo Crvenog kri\u017ea Beli Manastir osnovano je 1922. godine a osim Grada Belog Manastira pokriva 6 baranjskih op\u0107ina (\u010ceminac, Dra\u017e, Kne\u017eevi Vinogradi, Jagodnjak, Petlovac i Popovac). Velika uloga Dru\u0161tva pokazala se tijekom Domovinskog rata u spajanju obitelji, kada je bez doma ostalo preko 20000 Baranjaca. Pro\u0161lo desetlje\u0107e obilje\u017eile su poplavne katastrofe (2010. godina &#8211; \u0160umarina, \u0160e\u0107erana i Lu\u010d, 2013. godina &#8211; Batina i 2014. godina &#8211; \u017eupanjska Posavina) u kojima su djelatnici i volonteri Gradskog dru\u0161tva Crvenog kri\u017ea Beli Manastir pokazali veliko srce u trenutku potrebe. <\/p>\n","protected":false},"excerpt":{"rendered":"<p>Hrvatski Crveni kri\u017e nacionalno je dru\u0161tvo Crvenog kri\u017ea koje nepristrano i bez diskriminacije djeluje na teritoriju Republike Hrvatske, a u svrhu promicanja i ostvarivanja humanitarnih ciljeva i programa od op\u0107e koristi. Djeluje kao neprofitna pravna osoba u rje\u0161avanju humanitarnih pitanja, organiziranju zdravstvenih i socijalnih programa, pripremanju stanovni\u0161tva za djelovanje u masovnim nesre\u0107ama i katastrofama kao [&hellip;]<\/p>\n","protected":false},"author":1,"featured_media":0,"parent":0,"menu_order":0,"comment_status":"closed","ping_status":"closed","template":"","meta":[],"_links":{"self":[{"href":"https:\/\/gdck-belimanastir.hr\/index.php?rest_route=\/wp\/v2\/pages\/181"}],"collection":[{"href":"https:\/\/gdck-belimanastir.hr\/index.php?rest_route=\/wp\/v2\/pages"}],"about":[{"href":"https:\/\/gdck-belimanastir.hr\/index.php?rest_route=\/wp\/v2\/types\/page"}],"author":[{"embeddable":true,"href":"https:\/\/gdck-belimanastir.hr\/index.php?rest_route=\/wp\/v2\/users\/1"}],"replies":[{"embeddable":true,"href":"https:\/\/gdck-belimanastir.hr\/index.php?rest_route=%2Fwp%2Fv2%2Fcomments&post=181"}],"version-history":[{"count":3,"href":"https:\/\/gdck-belimanastir.hr\/index.php?rest_route=\/wp\/v2\/pages\/181\/revisions"}],"predecessor-version":[{"id":192,"href":"https:\/\/gdck-belimanastir.hr\/index.php?rest_route=\/wp\/v2\/pages\/181\/revisions\/192"}],"wp:attachment":[{"href":"https:\/\/gdck-belimanastir.hr\/index.php?rest_route=%2Fwp%2Fv2%2Fmedia&parent=181"}],"curies":[{"name":"wp","href":"https:\/\/api.w.org\/{rel}","templated":true}]}}