{"id":206,"date":"2020-10-20T17:25:19","date_gmt":"2020-10-20T15:25:19","guid":{"rendered":"https:\/\/gdck-belimanastir.hr\/?page_id=206"},"modified":"2025-04-03T12:07:05","modified_gmt":"2025-04-03T10:07:05","slug":"pravo-na-pristup-informacijama","status":"publish","type":"page","link":"https:\/\/gdck-belimanastir.hr\/?page_id=206","title":{"rendered":"Pravo na pristup informacijama"},"content":{"rendered":"\n<p>Pravo na pristup informacijama koje posjeduje, raspola\u017ee ili nadzire Gradsko dru\u0161tvo Crvenog kri\u017ea Beli Manastir ure\u0111eno je Zakonom o pravu na pristup informacijama (NN 25\/13). Zakonom se propisuju i na\u010dela prava na pristup, izuzeci od prava na pristup te postupak za ostvarivanje i za\u0161titu prava na pristup informacijama. Cilj zakona je omogu\u0107iti i osigurati informaciju fizi\u010dkim i pravnim osobama putem otvorenosti i javnosti djelovanja tijela javne vlasti, sukladno zakonu. <\/p>\n\n\n\n<p>Pravo na informaciju ostvaruje se podno\u0161enjem zahtjeva Gradskom dru\u0161tvu Crvenog kri\u017ea Beli Manastir:<\/p>\n\n\n\n<ul><li>Po\u0161tom na adresu: Vladimira Nazora 28a, 31300 Beli Manastir<\/li><li>Putem telefona na broj: 031\/701-703<\/li><li>Elektroni\u010dkom po\u0161tom: gdck.belimanastir@gmail.com<\/li><\/ul>\n\n\n\n<p>Obrazac zahtjeva za pristup informacijama Gradskog dru\u0161tva Crvenog kri\u017ea Beli Manastir mo\u017eete skinuti na ovom <a href=\"https:\/\/gdck-belimanastir.hr\/wp-content\/uploads\/2020\/10\/zahtjev_za_pristup_informacijama.pdf\" target=\"_blank\" rel=\"noreferrer noopener\">linku<\/a>.<\/p>\n\n\n\n<p>Tijelo javne vlasti ima pravo na naknadu stvarnih materijalnih tro\u0161kova od podnositelja zahtjeva u svezi s pru\u017eanjem i dostavom tra\u017eene informacije. Visina naknade za pristup informacijama i na\u010din naplate naknade propisani su&nbsp;<a rel=\"noreferrer noopener\" href=\"http:\/\/arhiva.dckkzz-krapina.hr\/images\/povijest\/Kriteriji-NN12-2014.pdf\" target=\"_blank\">Kriterijima za odre\u0111ivanje visine naknade stvarnih materijalnih tro\u0161kova i tro\u0161kova dostave informacije&nbsp;(NN 12\/2014)<\/a>&nbsp;od 24. sije\u010dnja 2014. godine.<\/p>\n\n\n\n<ul><li><a href=\"https:\/\/gdck-belimanastir.hr\/wp-content\/uploads\/2020\/10\/zahtjev_za_pristup_informacijama.pdf\" target=\"_blank\" rel=\"noreferrer noopener\">Obrazac zahtjeva za pristup informacijama<\/a><\/li><li><a href=\"https:\/\/gdck-belimanastir.hr\/wp-content\/uploads\/2020\/10\/Kriteriji-NN12-2014.pdf\" target=\"_blank\" rel=\"noreferrer noopener\">Kriteriji za odre\u0111ivanje visine naknade stvarnih materijalnih tro\u0161kova i tro\u0161kova dostave informacije (NN 12\/2014)<\/a><\/li><\/ul>\n\n\n\n<hr class=\"wp-block-separator\"\/>\n\n\n\n<p class=\"has-large-font-size\"><strong>Izvje\u0161\u0107e o provedbi Zakona o pravu na pristup informacijama<\/strong><\/p>\n\n\n\n<p><a href=\"https:\/\/gdck-belimanastir.hr\/wp-content\/uploads\/2025\/04\/Godisnje_izvjesce.pdf\" class=\"rank-math-link\">Izvje\u0161\u0107e o provedbi Zakona o pravu na pristup informacijama za 2024. godinu<\/a><\/p>\n\n\n\n<p><a class=\"rank-math-link\" href=\"https:\/\/gdck-belimanastir.hr\/wp-content\/uploads\/2024\/01\/Izvjesce-o-provedbi-Zakona-na-pristup-informacija-za-2023-godinu-2.pdf\">Izvje\u0161\u0107e o provedbi Zakona o pravu na pristup informacijama za 2023. godinu<\/a><\/p>\n\n\n\n<p><a href=\"https:\/\/gdck-belimanastir.hr\/wp-content\/uploads\/2023\/01\/Izvjesce-o-provedbi-Zakona-o-pravu-na-pristup-informacijama-za-2022.godinu-1.pdf\" class=\"rank-math-link\">Izvje\u0161\u0107e o provedbi Zakona o pravu na pristup informacijama za 2022. godinu<\/a><\/p>\n\n\n\n<p><a aria-label=\"Izvje\u0161\u0107e o provedbi Zakona o pravu na pristup informacijama za 2021. godinu (opens in a new tab)\" rel=\"noreferrer noopener\" class=\"rank-math-link\" href=\"https:\/\/gdck-belimanastir.hr\/wp-content\/uploads\/2022\/01\/Godisnje_izvjesce-2021.pdf\" target=\"_blank\">Izvje\u0161\u0107e o provedbi Zakona o pravu na pristup informacijama za 2021. godinu<\/a><\/p>\n\n\n\n<p><a aria-label=\" (opens in a new tab)\" rel=\"noreferrer noopener\" class=\"rank-math-link\" href=\"https:\/\/gdck-belimanastir.hr\/wp-content\/uploads\/2021\/01\/Godisnje-izvjesce-2020.pdf\" target=\"_blank\">Izvje\u0161\u0107e o provedbi Zakona o pravu na pristup informacijama za 2020. godinu<\/a><\/p>\n\n\n\n<p><a aria-label=\" (opens in a new tab)\" rel=\"noreferrer noopener\" class=\"rank-math-link\" href=\"https:\/\/gdck-belimanastir.hr\/wp-content\/uploads\/2021\/01\/Godisnje_izvjesce-2019..pdf\" target=\"_blank\">Izvje\u0161\u0107e o provedbi Zakona o pravu na pristup informacijama za 2019. godinu<\/a><\/p>\n\n\n\n<p><a aria-label=\" (opens in a new tab)\" rel=\"noreferrer noopener\" class=\"rank-math-link\" href=\"https:\/\/gdck-belimanastir.hr\/wp-content\/uploads\/2021\/01\/Godisnje_izvjesce-2018.pdf\" target=\"_blank\">Izvje\u0161\u0107e o provedbi Zakona o pravu na pristup informacijama za 2018. godinu<\/a><\/p>\n\n\n\n<p><a aria-label=\" (opens in a new tab)\" rel=\"noreferrer noopener\" class=\"rank-math-link\" href=\"https:\/\/gdck-belimanastir.hr\/wp-content\/uploads\/2021\/01\/Godisnje_izvjesce-2017.pdf\" target=\"_blank\">Izvje\u0161\u0107e o provedbi Zakona o pravu na pristup informacijama za 2017. godinu<\/a><\/p>\n\n\n\n<p><a href=\"https:\/\/gdck-belimanastir.hr\/wp-content\/uploads\/2021\/01\/Godisnje_izvjesce-2016.pdf\" target=\"_blank\" aria-label=\" (opens in a new tab)\" rel=\"noreferrer noopener\" class=\"rank-math-link\">Izvje\u0161\u0107e o provedbi Zakona o pravu na pristup informacijama za 2016. godinu<\/a><\/p>\n","protected":false},"excerpt":{"rendered":"<p>Pravo na pristup informacijama koje posjeduje, raspola\u017ee ili nadzire Gradsko dru\u0161tvo Crvenog kri\u017ea Beli Manastir ure\u0111eno je Zakonom o pravu na pristup informacijama (NN 25\/13). Zakonom se propisuju i na\u010dela prava na pristup, izuzeci od prava na pristup te postupak za ostvarivanje i za\u0161titu prava na pristup informacijama. Cilj zakona je omogu\u0107iti i osigurati informaciju [&hellip;]<\/p>\n","protected":false},"author":1,"featured_media":0,"parent":0,"menu_order":0,"comment_status":"closed","ping_status":"closed","template":"","meta":[],"_links":{"self":[{"href":"https:\/\/gdck-belimanastir.hr\/index.php?rest_route=\/wp\/v2\/pages\/206"}],"collection":[{"href":"https:\/\/gdck-belimanastir.hr\/index.php?rest_route=\/wp\/v2\/pages"}],"about":[{"href":"https:\/\/gdck-belimanastir.hr\/index.php?rest_route=\/wp\/v2\/types\/page"}],"author":[{"embeddable":true,"href":"https:\/\/gdck-belimanastir.hr\/index.php?rest_route=\/wp\/v2\/users\/1"}],"replies":[{"embeddable":true,"href":"https:\/\/gdck-belimanastir.hr\/index.php?rest_route=%2Fwp%2Fv2%2Fcomments&post=206"}],"version-history":[{"count":20,"href":"https:\/\/gdck-belimanastir.hr\/index.php?rest_route=\/wp\/v2\/pages\/206\/revisions"}],"predecessor-version":[{"id":2359,"href":"https:\/\/gdck-belimanastir.hr\/index.php?rest_route=\/wp\/v2\/pages\/206\/revisions\/2359"}],"wp:attachment":[{"href":"https:\/\/gdck-belimanastir.hr\/index.php?rest_route=%2Fwp%2Fv2%2Fmedia&parent=206"}],"curies":[{"name":"wp","href":"https:\/\/api.w.org\/{rel}","templated":true}]}}