{"id":208,"date":"2020-10-20T17:25:19","date_gmt":"2020-10-20T15:25:19","guid":{"rendered":"https:\/\/gdck-belimanastir.hr\/?page_id=208"},"modified":"2025-04-03T12:07:52","modified_gmt":"2025-04-03T10:07:52","slug":"zastita-podataka","status":"publish","type":"page","link":"https:\/\/gdck-belimanastir.hr\/?page_id=208","title":{"rendered":"Za\u0161tita podataka"},"content":{"rendered":"\n<p>Gradsko dru\u0161tvo Crvenog kri\u017ea Beli Manastir&nbsp;je voditelj obrade osobnih podataka ispitanika te ih obra\u0111uje u skladu s primjenjivim propisima, uklju\u010duju\u0107i Uredbu (EU) 2016\/679 Europskog parlamenta i Vije\u0107a od 27. travnja 2016. o za\u0161titi pojedinaca u vezi s obradom osobnih podataka i o slobodnom kretanju takvih podataka te o stavljanju izvan snage Direktive 95\/46\/EZ (Op\u0107a uredba o za\u0161titi podataka) te Zakon o provedbi Op\u0107e uredbe o za\u0161titi podataka (NN, br. 42\/2018.).<\/p>\n\n\n\n<p>Ispitanik je svaka fizi\u010dka osoba (pojedinac) \u010diji je identitet utvr\u0111en ili se mo\u017ee utvrditi.<\/p>\n\n\n\n<p>Ostvarivanje prava:<\/p>\n\n\n\n<p>Kako bismo vam omogu\u0107ili lak\u0161e ostvarivanje va\u0161ih prava na na\u0161im internetskim stranicama, objavili smo obrasce zahtjeva koje mo\u017eete preuzeti na sljede\u0107im poveznicama:<\/p>\n\n\n\n<ul><li><a href=\"https:\/\/gdck-belimanastir.hr\/wp-content\/uploads\/2020\/10\/Zahtjev-za-pristup-osobnim-podacima.pdf\" target=\"_blank\" rel=\"noreferrer noopener\">Zahtjev za pristup osobnim podacima<\/a><\/li><li><a href=\"https:\/\/gdck-belimanastir.hr\/wp-content\/uploads\/2020\/10\/Zahtjev-za-ispravak-osobnih-podataka.pdf\" target=\"_blank\" rel=\"noreferrer noopener\">Zahtjev za ispravak osobnih podataka<\/a><\/li><li><a href=\"https:\/\/gdck-belimanastir.hr\/wp-content\/uploads\/2020\/10\/Zahtjev-za-brisanje-osobnih-podataka.pdf\" target=\"_blank\" rel=\"noreferrer noopener\">Zahtjev za brisanjem osobnih podataka<\/a><\/li><li><a href=\"https:\/\/gdck-belimanastir.hr\/wp-content\/uploads\/2020\/10\/Zahtjev-za-prenosivost.pdf\" target=\"_blank\" rel=\"noreferrer noopener\">Zahtjev za prijenos osobnih podataka drugom voditelju odbrade<\/a><\/li><\/ul>\n\n\n\n<p>Zahtjev koji podnosite Gradskom dru\u0161tvu Crvenog kri\u017ea Beli Manastir mora biti uredno popunjen i potpisan.<\/p>\n\n\n\n<p>U slu\u010daju zaprimanja zahtjeva koji nije uredno popunjen ili koji ispitanik nije potpisao, pozvat \u0107emo vas da uo\u010deni nedostatak u zahtjevu otklonite.<\/p>\n\n\n\n<p>Svoj zahtjev mo\u017eete uputiti Gradskom dru\u0161tvu Crvenog kri\u017ea Beli Manastir na sljede\u0107i na\u010din:<\/p>\n\n\n\n<ol><li>Redovnom po\u0161tom na adresu:<\/li><\/ol>\n\n\n\n<p><strong>Gradsko dru\u0161tvo Crvenog kri\u017ea Beli Manastir<br>Vladimira Nazora 28a<br>31300 Beli Manastir<\/strong><\/p>\n\n\n\n<p>2. Elektroni\u010dkom po\u0161tom na adresu: gdck.belimanastir@gmail.com                                                             <\/p>\n\n\n\n<hr class=\"wp-block-separator\"\/>\n\n\n\n<p>Ostvarivanje navedenih prava ispitanika omogu\u0107it \u0107emo vam u skladu s odredbama Op\u0107e uredbe o za\u0161titi podataka u primjerenom roku i bez nepotrebnog odga\u0111anja.<\/p>\n\n\n\n<p>Na navedene adrese slobodno nam se obratite i kada imate bilo kakvih pitanja u vezi s obradom va\u0161ih osobnih podataka u Gradskom dru\u0161tvu Crvenog kri\u017ea Beli Manastir.<\/p>\n\n\n\n<p>Ukoliko imate prigovor na obradu osobnih podataka, mo\u017eete ga uputiti elektroni\u010dkom po\u0161tom na adresu: gdck.belimanastir@gmail.com<\/p>\n\n\n\n<p>Podno\u0161enje pritu\u017ebe Agenciji za za\u0161titu osobnih podataka<\/p>\n\n\n\n<p>Nadzorno tijelo za za\u0161titu osobnih podataka u Republici Hrvatskoj jest Agencija za za\u0161titu osobnih podataka, Zagreb, Marti\u0107eva ulica 14 (u nastavku teksta: AZOP).<\/p>\n\n\n\n<p>Obavje\u0161tavamo vas da AZOP-u mo\u017eete podnijeti pritu\u017ebu na na\u0161e postupanje u vezi s obradom va\u0161ih osobnih podataka.<\/p>\n\n\n\n<p>Dodatne informacije:<\/p>\n\n\n\n<p>Dodatne informacije vezane uz ostvarivanje prava na za\u0161titu osobnih podataka mogu se zatra\u017eiti od slu\u017ebenika za za\u0161titu osobnih podataka Gradskog dru\u0161tva Crvenog kri\u017ea Beli Manastir elektroni\u010dkom po\u0161tom na adresi: gdck.belimanastir@gmail.com<\/p>\n","protected":false},"excerpt":{"rendered":"<p>Gradsko dru\u0161tvo Crvenog kri\u017ea Beli Manastir&nbsp;je voditelj obrade osobnih podataka ispitanika te ih obra\u0111uje u skladu s primjenjivim propisima, uklju\u010duju\u0107i Uredbu (EU) 2016\/679 Europskog parlamenta i Vije\u0107a od 27. travnja 2016. o za\u0161titi pojedinaca u vezi s obradom osobnih podataka i o slobodnom kretanju takvih podataka te o stavljanju izvan snage Direktive 95\/46\/EZ (Op\u0107a uredba [&hellip;]<\/p>\n","protected":false},"author":1,"featured_media":0,"parent":0,"menu_order":0,"comment_status":"closed","ping_status":"closed","template":"","meta":[],"_links":{"self":[{"href":"https:\/\/gdck-belimanastir.hr\/index.php?rest_route=\/wp\/v2\/pages\/208"}],"collection":[{"href":"https:\/\/gdck-belimanastir.hr\/index.php?rest_route=\/wp\/v2\/pages"}],"about":[{"href":"https:\/\/gdck-belimanastir.hr\/index.php?rest_route=\/wp\/v2\/types\/page"}],"author":[{"embeddable":true,"href":"https:\/\/gdck-belimanastir.hr\/index.php?rest_route=\/wp\/v2\/users\/1"}],"replies":[{"embeddable":true,"href":"https:\/\/gdck-belimanastir.hr\/index.php?rest_route=%2Fwp%2Fv2%2Fcomments&post=208"}],"version-history":[{"count":12,"href":"https:\/\/gdck-belimanastir.hr\/index.php?rest_route=\/wp\/v2\/pages\/208\/revisions"}],"predecessor-version":[{"id":2360,"href":"https:\/\/gdck-belimanastir.hr\/index.php?rest_route=\/wp\/v2\/pages\/208\/revisions\/2360"}],"wp:attachment":[{"href":"https:\/\/gdck-belimanastir.hr\/index.php?rest_route=%2Fwp%2Fv2%2Fmedia&parent=208"}],"curies":[{"name":"wp","href":"https:\/\/api.w.org\/{rel}","templated":true}]}}