{"id":209,"date":"2020-10-20T17:25:19","date_gmt":"2020-10-20T15:25:19","guid":{"rendered":"https:\/\/gdck-belimanastir.hr\/?page_id=209"},"modified":"2026-03-02T09:48:27","modified_gmt":"2026-03-02T08:48:27","slug":"planovi-i-izvjesca","status":"publish","type":"page","link":"https:\/\/gdck-belimanastir.hr\/?page_id=209","title":{"rendered":"Planovi i izvje\u0161\u0107a"},"content":{"rendered":"\n<p class=\"has-medium-font-size\"><strong>Godi\u0161nja financijska izvje\u0161\u0107a<\/strong>:<\/p>\n\n\n\n<p><a href=\"https:\/\/gdck-belimanastir.hr\/wp-content\/uploads\/2026\/03\/Financijski-izvjestaj-2025.xls\" target=\"_blank\" aria-label=\" (opens in a new tab)\" rel=\"noreferrer noopener\" class=\"rank-math-link\">Financijski izvje\u0161taj za 2025. godinu<\/a><\/p>\n\n\n\n<p><a aria-label=\" (opens in a new tab)\" rel=\"noreferrer noopener\" href=\"https:\/\/gdck-belimanastir.hr\/wp-content\/uploads\/2025\/04\/Godisnji-Financijski-izvjestaj-31.12.2024.pdf\" target=\"_blank\" class=\"rank-math-link\">Financijski izvje\u0161taji za 2024. godinu<\/a><\/p>\n\n\n\n<p><a aria-label=\" (opens in a new tab)\" rel=\"noreferrer noopener\" href=\"https:\/\/gdck-belimanastir.hr\/wp-content\/uploads\/2025\/04\/Biljeske-uz-Financijski-izvjestaj-31.12.2024-1.pdf\" target=\"_blank\" class=\"rank-math-link\">Bilje\u0161ke uz financijski izvje\u0161taj za 2024.godinu<\/a><\/p>\n\n\n\n<p><a aria-label=\" (opens in a new tab)\" rel=\"noreferrer noopener\" href=\"https:\/\/gdck-belimanastir.hr\/wp-content\/uploads\/2024\/02\/Financijski-izvjestaj-na-dan-31.12.2023.-.pdf\" target=\"_blank\" class=\"rank-math-link\">Financijski izvje\u0161taji za 2023. godinu<\/a><\/p>\n\n\n\n<p><a href=\"https:\/\/gdck-belimanastir.hr\/wp-content\/uploads\/2023\/03\/Financijsko-izvjesce-za-2022.-godinu-3.pdf\" target=\"_blank\" aria-label=\" (opens in a new tab)\" rel=\"noreferrer noopener\" class=\"rank-math-link\">Financijski izvje\u0161taji za 2022. godinu<\/a><\/p>\n\n\n\n<p><a aria-label=\"Financijski izvje\u0161taji na datum 31.prosinca 2021. (opens in a new tab)\" rel=\"noreferrer noopener\" href=\"https:\/\/gdck-belimanastir.hr\/wp-content\/uploads\/2022\/03\/Fin_izvjestaj_2021.pdf\" target=\"_blank\" class=\"rank-math-link\">Financijski izvje\u0161taji za 2021. godinu<\/a><\/p>\n\n\n\n<p><a aria-label=\"Izvje\u0161taj neovisnog revizora za 2020. godinu (opens in a new tab)\" rel=\"noreferrer noopener\" class=\"rank-math-link\" href=\"https:\/\/gdck-belimanastir.hr\/wp-content\/uploads\/2022\/01\/Izvjestaj-neovisnog-revizora-za-2020.-godinu.pdf.pdf\" target=\"_blank\">Izvje\u0161taj neovisnog revizora za 2020. godinu<\/a><\/p>\n\n\n\n<p><a href=\"https:\/\/gdck-belimanastir.hr\/wp-content\/uploads\/2021\/04\/Fin_izvjestaj_2020.pdf\" class=\"rank-math-link\">Financijski izvje\u0161taji za 2020. godinu<\/a><\/p>\n\n\n\n<p><a href=\"https:\/\/gdck-belimanastir.hr\/wp-content\/uploads\/2021\/04\/Fin_izvjestaj_2019.pdf\" class=\"rank-math-link\">Financijski izvje\u0161taji za 2019. godinu<\/a><\/p>\n\n\n\n<hr class=\"wp-block-separator\"\/>\n\n\n\n<p class=\"has-medium-font-size\"><strong>Godi\u0161nji plan rada:  <\/strong><\/p>\n\n\n\n<p><a href=\"https:\/\/gdck-belimanastir.hr\/wp-content\/uploads\/2025\/01\/Godisnji-plan-i-program-rada-GDCK-Crvenog-kriza-Beli-Manastir-2025_-godinu-1.pdf\" class=\"rank-math-link\">Plan rada za 2025.godinu<\/a><\/p>\n\n\n\n<p><a class=\"rank-math-link\" href=\"https:\/\/gdck-belimanastir.hr\/wp-content\/uploads\/2024\/01\/Godisnji-plan-i-program-rada-Grdaskog-drustva-Crvenog-keiza-Beli-Manastir-za-2024.-godinu.pdf\">Plan rada za 2024.godinu<\/a><\/p>\n\n\n\n<p><a href=\"https:\/\/gdck-belimanastir.hr\/wp-content\/uploads\/2023\/01\/Godisnji-plan-i-program-rada-GDCK-Beli-Manastir-2023.-godinu.pdf\" class=\"rank-math-link\">Plan rada za 2023.godinu<\/a><\/p>\n\n\n\n<p><a href=\"https:\/\/gdck-belimanastir.hr\/wp-content\/uploads\/2023\/01\/Godisnji-plan-i-program-rada-GDCK-Beli-Manastir-za-2022.godinu.pdf\" class=\"rank-math-link\">Plan rada za 2022.godinu<\/a><\/p>\n\n\n\n<p><a href=\"https:\/\/gdck-belimanastir.hr\/wp-content\/uploads\/2021\/04\/Godisnji-plan-i-program-2021.pdf\" class=\"rank-math-link\">Plan rada za 2021.godinu<\/a><\/p>\n\n\n\n<hr class=\"wp-block-separator\"\/>\n\n\n\n<p class=\"has-medium-font-size\"><strong>Financijski planovi: <\/strong><\/p>\n\n\n\n<p><a href=\"https:\/\/gdck-belimanastir.hr\/wp-content\/uploads\/2025\/01\/Financijski-plan-za-2025.-godinu-1.pdf\" class=\"rank-math-link\">Financijski plan za 2025.godinu<\/a><\/p>\n\n\n\n<p><a class=\"rank-math-link\" href=\"https:\/\/gdck-belimanastir.hr\/wp-content\/uploads\/2025\/01\/Rebalans-financijskog-plana-za-2024.-godinu-1.pdf\">Rebalans financijskog plana za 2024.godinu<\/a><\/p>\n\n\n\n<p><a class=\"rank-math-link\" href=\"https:\/\/gdck-belimanastir.hr\/wp-content\/uploads\/2024\/01\/Financijski-plan-za-2024-1.xlsx\">Financijski plan za 2024.godinu<\/a><\/p>\n\n\n\n<p><a href=\"https:\/\/gdck-belimanastir.hr\/wp-content\/uploads\/2024\/01\/Plan-nabave-2024-1.xlsx\" class=\"rank-math-link\">Plan nabave za 2024.godinu<\/a><\/p>\n\n\n\n<p><a href=\"https:\/\/gdck-belimanastir.hr\/wp-content\/uploads\/2024\/10\/Prijedlog-financijskog-plana-1.pdf\" class=\"rank-math-link\">Prijedlog financijskog plana za 2024.godinu<\/a><\/p>\n\n\n\n<p><a href=\"https:\/\/gdck-belimanastir.hr\/wp-content\/uploads\/2024\/01\/OBRAZLOZENJE-REBALANSA-FINANCIJSKOG-PLANA-ZA-2023-1.docx\" class=\"rank-math-link\">Obrazlo\u017eenje rebalansa financijskog plana za 2023.godinu<\/a><\/p>\n\n\n\n<p><a href=\"https:\/\/gdck-belimanastir.hr\/wp-content\/uploads\/2024\/01\/Financijski-plan-za-2023-rebalans.xlsx\" class=\"rank-math-link\">Rebalans financijskog plana za 2023.godinu<\/a><\/p>\n\n\n\n<p><a href=\"https:\/\/gdck-belimanastir.hr\/wp-content\/uploads\/2023\/01\/OBRAZLOZENJE-FINANCIJSKOG-PLANA-ZA-2023.docx\" class=\"rank-math-link\">Obrazlo\u017eenje financijskog plana za 2023.godinu<\/a><\/p>\n\n\n\n<p><a href=\"https:\/\/gdck-belimanastir.hr\/wp-content\/uploads\/2023\/01\/Financijski-plan-za-2023.xlsx\" class=\"rank-math-link\">Financijski plan za 2023.godinu<\/a><\/p>\n\n\n\n<p><a href=\"https:\/\/gdck-belimanastir.hr\/wp-content\/uploads\/2022\/03\/Prijedlog-financijskog-plana-2022.pdf\" class=\"rank-math-link\">Financijski plan za 2022.godinu<\/a><\/p>\n\n\n\n<p><a aria-label=\"Plan nabave za 2022. godinu (opens in a new tab)\" rel=\"noreferrer noopener\" class=\"rank-math-link\" href=\"https:\/\/gdck-belimanastir.hr\/wp-content\/uploads\/2022\/05\/Plan-nabave-za-2022.-godinu.pdf\" target=\"_blank\">Plan nabave za 2022. godinu<\/a><\/p>\n\n\n\n<p><a aria-label=\"Prve izmjene plana nabave za 2022. godinu (opens in a new tab)\" rel=\"noreferrer noopener\" href=\"https:\/\/gdck-belimanastir.hr\/wp-content\/uploads\/2022\/06\/Prve-izmjene-plana-nabave-za-2022.-godinu.pdf\" target=\"_blank\" class=\"rank-math-link\">Prve izmjene plana nabave za 2022. godinu<\/a><\/p>\n\n\n\n<hr class=\"wp-block-separator\"\/>\n\n\n\n<p><a aria-label=\"Izjava o nepostojanju sukoba interesa (opens in a new tab)\" rel=\"noreferrer noopener\" href=\"https:\/\/gdck-belimanastir.hr\/wp-content\/uploads\/2022\/05\/Izjava-o-nepostojanju-sukoba-interesa.pdf\" target=\"_blank\" class=\"rank-math-link\">Izjava o nepostojanju sukoba interesa<\/a><\/p>\n\n\n\n<p><strong>Izvje\u0161\u0107a o radu i aktivnosti GDCK Beli Manastir: <\/strong><\/p>\n\n\n\n<p><a href=\"https:\/\/gdck-belimanastir.hr\/wp-content\/uploads\/2023\/12\/Izvjesce-o-radu-i-aktivnostima-za-2022-godinu-1.pdf\" class=\"rank-math-link\">Izvje\u0161\u0107e o radu i aktivnostima 2022.<\/a><\/p>\n\n\n\n<p><a href=\"https:\/\/gdck-belimanastir.hr\/wp-content\/uploads\/2023\/12\/Izvjesce-o-radu-i-aktivnostima-2021-godinu-2.pdf\" class=\"rank-math-link\">Izvje\u0161\u0107e o radu i aktivnostima 2021.<\/a><\/p>\n\n\n\n<p><a href=\"https:\/\/gdck-belimanastir.hr\/wp-content\/uploads\/2023\/12\/Izvjesce-o-radu-i-aktivnostima-2020.-god.pdf\" class=\"rank-math-link\">Izvje\u0161\u0107e o radu i aktivnostima 2020.<\/a><\/p>\n","protected":false},"excerpt":{"rendered":"<p>Godi\u0161nja financijska izvje\u0161\u0107a: Financijski izvje\u0161taj za 2025. godinu Financijski izvje\u0161taji za 2024. godinu Bilje\u0161ke uz financijski izvje\u0161taj za 2024.godinu Financijski izvje\u0161taji za 2023. godinu Financijski izvje\u0161taji za 2022. godinu Financijski izvje\u0161taji za 2021. godinu Izvje\u0161taj neovisnog revizora za 2020. godinu Financijski izvje\u0161taji za 2020. godinu Financijski izvje\u0161taji za 2019. godinu Godi\u0161nji plan rada: Plan rada [&hellip;]<\/p>\n","protected":false},"author":1,"featured_media":0,"parent":0,"menu_order":0,"comment_status":"closed","ping_status":"closed","template":"","meta":[],"_links":{"self":[{"href":"https:\/\/gdck-belimanastir.hr\/index.php?rest_route=\/wp\/v2\/pages\/209"}],"collection":[{"href":"https:\/\/gdck-belimanastir.hr\/index.php?rest_route=\/wp\/v2\/pages"}],"about":[{"href":"https:\/\/gdck-belimanastir.hr\/index.php?rest_route=\/wp\/v2\/types\/page"}],"author":[{"embeddable":true,"href":"https:\/\/gdck-belimanastir.hr\/index.php?rest_route=\/wp\/v2\/users\/1"}],"replies":[{"embeddable":true,"href":"https:\/\/gdck-belimanastir.hr\/index.php?rest_route=%2Fwp%2Fv2%2Fcomments&post=209"}],"version-history":[{"count":45,"href":"https:\/\/gdck-belimanastir.hr\/index.php?rest_route=\/wp\/v2\/pages\/209\/revisions"}],"predecessor-version":[{"id":2566,"href":"https:\/\/gdck-belimanastir.hr\/index.php?rest_route=\/wp\/v2\/pages\/209\/revisions\/2566"}],"wp:attachment":[{"href":"https:\/\/gdck-belimanastir.hr\/index.php?rest_route=%2Fwp%2Fv2%2Fmedia&parent=209"}],"curies":[{"name":"wp","href":"https:\/\/api.w.org\/{rel}","templated":true}]}}