{"id":2160,"date":"2024-06-17T17:45:00","date_gmt":"2024-06-17T15:45:00","guid":{"rendered":"https:\/\/gdck-belimanastir.hr\/?page_id=2160"},"modified":"2024-12-11T17:56:03","modified_gmt":"2024-12-11T16:56:03","slug":"osvijesti-sebe-i-druge","status":"publish","type":"page","link":"https:\/\/gdck-belimanastir.hr\/?page_id=2160","title":{"rendered":"Osvijesti sebe i druge"},"content":{"rendered":"\n<p><strong>NOSITELJ:<\/strong>&nbsp;Hrvatski Crveni kri\u017e Gradsko dru\u0161tvo Crvenog kri\u017ea Beli Manastir<\/p>\n\n\n\n<p><strong>IZVOR FINANCIRANJA:<\/strong>&nbsp;Projekt \u201cOsvijesti sebe i druge\u201d je sufinanciran od Europske komisije iz programa Europskih snaga solidarnosti.&nbsp;<a rel=\"noreferrer noopener\" href=\"https:\/\/www.facebook.com\/hashtag\/eu?__eep__=6&amp;__cft__[0]=AZWtOqacAgVy2mSGndxOTUl03DI6Tsqd0EejZTMbEMCjbjidblg06tqxmYDh4TYKGaDX26ZluKrO4F_oi4bDmPFW8pTQHsgJ-mwuJvXGpEe0XKcXJK8vhwBtku1YnNA0uEINLM4uXmoqmv7YQRuzIYOzQns1wc4FQ6TU8QKeM5HH_wFUgnE3FislIXva-m-PpIM&amp;__tn__=*NK-R\" target=\"_blank\">#eu<\/a><a rel=\"noreferrer noopener\" href=\"https:\/\/www.facebook.com\/hashtag\/ess?__eep__=6&amp;__cft__[0]=AZWtOqacAgVy2mSGndxOTUl03DI6Tsqd0EejZTMbEMCjbjidblg06tqxmYDh4TYKGaDX26ZluKrO4F_oi4bDmPFW8pTQHsgJ-mwuJvXGpEe0XKcXJK8vhwBtku1YnNA0uEINLM4uXmoqmv7YQRuzIYOzQns1wc4FQ6TU8QKeM5HH_wFUgnE3FislIXva-m-PpIM&amp;__tn__=*NK-R\" target=\"_blank\">#ess<\/a><img loading=\"lazy\" height=\"16\" width=\"16\" alt=\"??\" src=\"https:\/\/static.xx.fbcdn.net\/images\/emoji.php\/v9\/tdd\/1\/16\/1f1ea_1f1fa.png\"><\/p>\n\n\n\n<p><strong>VRIJEDNOST PROJEKTA:<\/strong>&nbsp;9.204,00 eura<\/p>\n\n\n\n<p><strong>TRAJANJE PROJEKTA:<\/strong>&nbsp;01.06.2024.-31.05.2025.<\/p>\n\n\n\n<p><strong>Projekt &#8220;Osvijesti sebe i druge&#8221; &#8211; Poticanje mladih na volontiranje i aktivno sudjelovanje u zajednici<\/strong><\/p>\n\n\n\n<p>Projektom &#8220;Osvijesti sebe i druge&#8221; \u017eelimo potaknuti djecu i mlade na aktivno sudjelovanje u kvalitetnim i pristupa\u010dnim aktivnostima koje ih osna\u017euju kao aktivne gra\u0111ane lokalne zajednice kroz volontiranje.<\/p>\n\n\n\n<p>Volontiranje je temeljeno na dobrovoljnom anga\u017emanu u pru\u017eanju pomo\u0107i susjedima, prijateljima ili zajednici, osobito u izvanrednim situacijama poput prirodnih katastrofa ili kriznih vremena. Na taj na\u010din, mladi ula\u017eu svoje vrijeme i trud, istovremeno ja\u010daju\u0107i vlastito samopouzdanje i razvijaju\u0107i socijalne vje\u0161tine.<\/p>\n\n\n\n<p>U sklopu projekta organizirat \u0107emo kontinuirane radionice posve\u0107ene temama volontiranja i njegovim dobrobitima za zajednicu. Teme uklju\u010duju:<\/p>\n\n\n\n<ul><li>Klimatske promjene<\/li><li>Promicanje zdravlja i prevenciju ovisnosti<\/li><li>Poticanje uklju\u010divanja u\u010denika u lokalne volonterske udruge<\/li><\/ul>\n\n\n\n<p>Radionice \u0107e biti provedene u tri osnovne \u0161kole i tri srednje \u0161kole, obuhva\u0107aju\u0107i djecu i mlade u dobi od 13 do 30 godina. Posebnu vrijednost projektu donosi suradnja s razredima Posebnog odjela Osnovne \u0161kole &#8220;Dr. Franjo Tu\u0111man&#8221;, u kojima sudjeluju djeca s te\u0161ko\u0107ama u razvoju.<\/p>\n\n\n\n<p>Cilj ovog projekta je upoznati mlade iz ruralnih podru\u010dja s raznim oblicima volontiranja i pokazati im kako njihove male promjene mogu imati veliki utjecaj na lokalnu zajednicu. Poseban naglasak stavljen je na promicanje okoli\u0161no odgovornog i odr\u017eivog pona\u0161anja.<\/p>\n\n\n\n<p>Pozivamo sve zainteresirane da se pridru\u017ee ovom projektu i zajedno doprinesu izgradnji boljeg i povezanijeg dru\u0161tva!<\/p>\n\n\n\n<figure class=\"wp-block-image size-large\"><img loading=\"lazy\" width=\"1024\" height=\"264\" src=\"https:\/\/gdck-belimanastir.hr\/wp-content\/uploads\/2023\/06\/HR-Sufinancira-Europska-unija_POS-1024x264.jpg\" alt=\"\" class=\"wp-image-1648\" srcset=\"https:\/\/gdck-belimanastir.hr\/wp-content\/uploads\/2023\/06\/HR-Sufinancira-Europska-unija_POS-1024x264.jpg 1024w, https:\/\/gdck-belimanastir.hr\/wp-content\/uploads\/2023\/06\/HR-Sufinancira-Europska-unija_POS-300x77.jpg 300w, https:\/\/gdck-belimanastir.hr\/wp-content\/uploads\/2023\/06\/HR-Sufinancira-Europska-unija_POS-768x198.jpg 768w, https:\/\/gdck-belimanastir.hr\/wp-content\/uploads\/2023\/06\/HR-Sufinancira-Europska-unija_POS-1536x396.jpg 1536w, https:\/\/gdck-belimanastir.hr\/wp-content\/uploads\/2023\/06\/HR-Sufinancira-Europska-unija_POS-2048x528.jpg 2048w\" sizes=\"(max-width: 1024px) 100vw, 1024px\" \/><\/figure>\n\n\n\n<figure class=\"wp-block-image size-large is-resized\"><img loading=\"lazy\" src=\"https:\/\/gdck-belimanastir.hr\/wp-content\/uploads\/2023\/03\/SolidarityCorps_without_tagline-HR-1024x301.png\" alt=\"\" class=\"wp-image-1549\" width=\"667\" height=\"196\" srcset=\"https:\/\/gdck-belimanastir.hr\/wp-content\/uploads\/2023\/03\/SolidarityCorps_without_tagline-HR-1024x301.png 1024w, https:\/\/gdck-belimanastir.hr\/wp-content\/uploads\/2023\/03\/SolidarityCorps_without_tagline-HR-300x88.png 300w, https:\/\/gdck-belimanastir.hr\/wp-content\/uploads\/2023\/03\/SolidarityCorps_without_tagline-HR-768x226.png 768w, https:\/\/gdck-belimanastir.hr\/wp-content\/uploads\/2023\/03\/SolidarityCorps_without_tagline-HR-1536x451.png 1536w, https:\/\/gdck-belimanastir.hr\/wp-content\/uploads\/2023\/03\/SolidarityCorps_without_tagline-HR-2048x602.png 2048w\" sizes=\"(max-width: 667px) 100vw, 667px\" \/><\/figure>\n\n\n\n<figure class=\"wp-block-image size-large is-resized\"><img loading=\"lazy\" src=\"https:\/\/gdck-belimanastir.hr\/wp-content\/uploads\/2023\/03\/1434006659_ampeu-logo-hr-1024x400.jpg\" alt=\"\" class=\"wp-image-1548\" width=\"570\" height=\"222\" srcset=\"https:\/\/gdck-belimanastir.hr\/wp-content\/uploads\/2023\/03\/1434006659_ampeu-logo-hr-1024x400.jpg 1024w, https:\/\/gdck-belimanastir.hr\/wp-content\/uploads\/2023\/03\/1434006659_ampeu-logo-hr-300x117.jpg 300w, https:\/\/gdck-belimanastir.hr\/wp-content\/uploads\/2023\/03\/1434006659_ampeu-logo-hr-768x300.jpg 768w, https:\/\/gdck-belimanastir.hr\/wp-content\/uploads\/2023\/03\/1434006659_ampeu-logo-hr.jpg 1312w\" sizes=\"(max-width: 570px) 100vw, 570px\" \/><\/figure>\n","protected":false},"excerpt":{"rendered":"<p>NOSITELJ:&nbsp;Hrvatski Crveni kri\u017e Gradsko dru\u0161tvo Crvenog kri\u017ea Beli Manastir IZVOR FINANCIRANJA:&nbsp;Projekt \u201cOsvijesti sebe i druge\u201d je sufinanciran od Europske komisije iz programa Europskih snaga solidarnosti.&nbsp;#eu#ess VRIJEDNOST PROJEKTA:&nbsp;9.204,00 eura TRAJANJE PROJEKTA:&nbsp;01.06.2024.-31.05.2025. Projekt &#8220;Osvijesti sebe i druge&#8221; &#8211; Poticanje mladih na volontiranje i aktivno sudjelovanje u zajednici Projektom &#8220;Osvijesti sebe i druge&#8221; \u017eelimo potaknuti djecu i mlade [&hellip;]<\/p>\n","protected":false},"author":2,"featured_media":0,"parent":0,"menu_order":0,"comment_status":"closed","ping_status":"closed","template":"","meta":[],"_links":{"self":[{"href":"https:\/\/gdck-belimanastir.hr\/index.php?rest_route=\/wp\/v2\/pages\/2160"}],"collection":[{"href":"https:\/\/gdck-belimanastir.hr\/index.php?rest_route=\/wp\/v2\/pages"}],"about":[{"href":"https:\/\/gdck-belimanastir.hr\/index.php?rest_route=\/wp\/v2\/types\/page"}],"author":[{"embeddable":true,"href":"https:\/\/gdck-belimanastir.hr\/index.php?rest_route=\/wp\/v2\/users\/2"}],"replies":[{"embeddable":true,"href":"https:\/\/gdck-belimanastir.hr\/index.php?rest_route=%2Fwp%2Fv2%2Fcomments&post=2160"}],"version-history":[{"count":2,"href":"https:\/\/gdck-belimanastir.hr\/index.php?rest_route=\/wp\/v2\/pages\/2160\/revisions"}],"predecessor-version":[{"id":2163,"href":"https:\/\/gdck-belimanastir.hr\/index.php?rest_route=\/wp\/v2\/pages\/2160\/revisions\/2163"}],"wp:attachment":[{"href":"https:\/\/gdck-belimanastir.hr\/index.php?rest_route=%2Fwp%2Fv2%2Fmedia&parent=2160"}],"curies":[{"name":"wp","href":"https:\/\/api.w.org\/{rel}","templated":true}]}}