{"id":258,"date":"2020-10-21T17:10:46","date_gmt":"2020-10-21T15:10:46","guid":{"rendered":"https:\/\/gdck-belimanastir.hr\/?page_id=258"},"modified":"2025-04-03T12:09:04","modified_gmt":"2025-04-03T10:09:04","slug":"prva-pomoc-za-vozace","status":"publish","type":"page","link":"https:\/\/gdck-belimanastir.hr\/?page_id=258","title":{"rendered":"Prva pomo\u0107 za voza\u010de"},"content":{"rendered":"\n<p>Osposobljavanje kandidata za voza\u010de iz nastavnog predmeta Pru\u017eanje prve pomo\u0107i osobama ozlije\u0111enim u prometnoj nesre\u0107i, Gradsko dru\u0161tvo Crvenog kri\u017ea Beli Manastir (u dalnjem tekstu: GDCK Beli Manastir) provodi na temelju Zakon o sigurnosti u prometu i Pravilnika Ministarstva zdravstva i socijalne skrbi o osposobljavanju kandidata za voza\u010de vozila na motorni pogon iz nastavnog predmeta Pru\u017eanje prve pomo\u0107i osobama ozlije\u0111enim u prometnoj nezgodi.<\/p>\n\n\n\n<p>Odredbe citiranih propisa izme\u0111u ostalog, obvezuju provoditelja nastave, odnosno GDCK Beli Manastir na slijede\u0107e:<\/p>\n\n\n\n<ul><li>provo\u0111enje osposobljavanja iz nastavnog predmeta Pru\u017eanje prve pomo\u0107i osobama ozlije\u0111enim u prometnoj nesre\u0107i od strane doktora medicine koji je osposobljen za izvo\u0111enje nastave prema programu kojeg utvr\u0111uje ministar nadle\u017ean za zdravstvo te koji ima dozvolu ministarstva nadle\u017enog za zdravstvo;<\/li><li>osiguranje potrebnog broja osposobljenih lije\u010dnika, prostora i nastavnih sredstava i opreme za provedbu nastave te godi\u0161njeg plana i programa;<\/li><li>provo\u0111enje nastava u trajanju od 9 sati, u obrazovnim grupama do 15 kandidata.<\/li><\/ul>\n\n\n\n<p>Nastava iz nastavnog predmeta Pru\u017eanje prve pomo\u0107i osobama ozlije\u0111enim u prometnoj nesre\u0107i je obvezna, a mo\u017ee zapo\u010deti s kandidatom koji je upisan u auto\u0161kolu.<\/p>\n\n\n\n<p>Nastavni sat traje 45 minuta, a blok sat 90 minuta.<\/p>\n\n\n\n<p>Kandidatu koji je otpo\u010deo program osposobljavanja iz nastavnog predmeta Pru\u017eanje prve pomo\u0107i osobama ozlije\u0111enim u prometnoj nesre\u0107i, GDCK Beli Manastir omogu\u0107uje zavr\u0161avanje programa osposobljavanja u roku od petnaest dana od po\u010detka osposobljavanja. Kandidat koji je prekinuo osposobljavanje ima pravo nastaviti osposobljavanje u drugoj organizaciji, ako od dana po\u010detka osposobljavanja do dana nastavljanja osposobljavanja nije pro\u0161lo vi\u0161e od dva mjeseca. GDCK Beli Manastir \u0107e kandidatu koji nastavlja osposobljavanje u drugoj organizaciji izdati potvrdu o zavr\u0161enom dijelu programa.<\/p>\n\n\n\n<p>O osposobljavanju kandidata za voza\u010de iz nastavnog predmeta Pru\u017eanje prve pomo\u0107i osobama ozlije\u0111enim u prometnoj nesre\u0107i , GDCK Beli Manastir vodi sljede\u0107u evidenciju:<\/p>\n\n\n\n<ol><li>mati\u010dnu knjigu,<\/li><li>dnevnik rada s imenikom.<\/li><\/ol>\n\n\n\n<p>Na temelju evidencije kandidatu se mo\u017ee izdati duplikat potvrde o osposobljenosti ili potvrditi drugi dokument.<\/p>\n\n\n\n<p>Prava i obveze GDCK Beli Manastir i kandidata za voza\u010da u procesu osposobljavanja iz nastavnog predmeta Pru\u017eanje prve pomo\u0107i osobama ozlije\u0111enim u prometnoj nesre\u0107i ure\u0111uju se ugovorom u pisanom obliku.<\/p>\n\n\n\n<p>Ugovor za maloljetnu osobu potpisuje zakonski zastupnik te osobe.<\/p>\n\n\n\n<p>Poha\u0111anje nastave je obvezno !<\/p>\n\n\n\n<p>Kandidat na nastavi mora nazo\u010diti najmanje 8 nastavnih sati. Kandidatu koji je nastavi nazo\u010dio manje od 8 nastavnih sati, ne\u0107e se ovjeriti knji\u017eica za voza\u010da, a bez ovjerene knji\u017eice ne mo\u017ee se pristupiti ispitu.<\/p>\n\n\n\n<p>O nazo\u010dnosti kandidata na nastavi vodi se evidencija u Dnevniku rada.<\/p>\n\n\n\n<hr class=\"wp-block-separator\"\/>\n\n\n\n<p class=\"has-text-align-center has-medium-font-size\"><strong>Prijava za osposobljavanje<\/strong><\/p>\n\n\n\n<hr class=\"wp-block-separator\"\/>\n\n\n\n<p>Provjerite u auto\u0161koli u koju ste upisani, podnosi li prijavu kandidata za osposobljavanje iz Pru\u017eanje prve pomo\u0107i osobama ozlije\u0111enim u prometnoj nesre\u0107i auto\u0161kola ili se kandidat mora prijaviti sam.<\/p>\n\n\n\n<p><strong>I. AKO PRIJAVU ZA OSPOSOBLJAVANJE U IME VAS PODNOSI AUTO\u0160KOLA U KOJU STE UPISANI POSTUPITE PO SLIJEDE\u0106IM UPUTAMA:<\/strong><\/p>\n\n\n\n<ol><li>Pa\u017eljivo pro\u010ditajte ugovor o osposobljavanju i ukoliko se sla\u017eete s njegovim odredbama, u za to predvi\u0111ena mjesta upi\u0161ite tra\u017eene osobne podatke i datum te ih potpi\u0161ete.<\/li><\/ol>\n\n\n\n<p>\u010citko popunite podatke koji se tra\u017ee na kraju ugovora.<\/p>\n\n\n\n<p>Ukoliko ste maloljetni, ugovor potpisuje Va\u0161 zakonski zastupnik (roditelj, staratelj).<\/p>\n\n\n\n<p>Bez potpisanog ugovora ne mo\u017eete prisustvovati nastavi.<\/p>\n\n\n\n<ol start=\"2\"><li>\u010citko popunite prilo\u017eenu uplatnicu (ime i prezime, adresa) te uplatite naknadu za osposobljavanje na iznos nazna\u010den na uplatnici (450,00 kn).<\/li><li>\u010citko popunite prijavnicu i predajte auto\u0161koli u koju ste upisani.<\/li><\/ol>\n\n\n\n<p>Prilikom predaje prijavnice predo\u010dite odrezak uplatnice jer Vas auto\u0161kola ne\u0107e prijaviti za osposobljavanje bez dokaza o uplati osposobljavanja.<\/p>\n\n\n\n<p>Auto\u0161kola \u0107e Vam dati to\u010dne podatke o mjestu odr\u017eavanja te po\u010detku nastave.<\/p>\n\n\n\n<ol start=\"4\"><li>Dokaz o uplati (odrezak uplatnice) i potpisan ugovor ponesite na prvi sat osposobljavanja te ih predajte predava\u010du.<\/li><li>Na zadnji sat nastave obvezno ponesite knji\u017eicu kandidata za voza\u010da koja \u0107e Vam biti ovjerena. Ukoliko ne ponesete knji\u017eicu izla\u017eete se nepotrebnom gubljenju vremena jer \u0107e te naknadno morati potra\u017eiti predava\u010da koji je izvodio nastavu obzirom da Vam samo on mo\u017ee ovjeriti<\/li><\/ol>\n\n\n\n<p>Bez ugovora i dokaza o uplati ne\u0107e Vam biti ovjerena Knji\u017eica kandidata za voza\u010da.<\/p>\n\n\n\n<p>Na prvom satu nastave svaki kandidat besplatno dobiva Priru\u010dnik iz Pru\u017eanja prve pomo\u0107i osobama ozlije\u0111enim u prometnoj nesre\u0107i.<\/p>\n\n\n\n<p>Kandidat za voza\u010da koji je prekinuo osposobljavanje iz nastavnog predmeta Pru\u017eanje prve pomo\u0107i osobama ozlije\u0111enim u prometnoj nesre\u0107i, ima pravo nastaviti osposobljavanje u istoj ili drugoj pravnoj osobi, ako od dana zapo\u010detog osposobljavanja do dana nastavka nije pro\u0161lo vi\u0161e od dva mjeseca u suprotnom je du\u017ean ponovno uplatiti iznos od 450kn te prisustvovati na svim predavanjima iznova.<\/p>\n\n\n\n<p><strong>II. AKO PRIJAVU ZA OSPOSOBLJAVANJE U IME VAS NE PODNOSI AUTO\u0160KOLA PRIJAVITI SE MO\u017dETE SAMI<\/strong><\/p>\n\n\n\n<p>Potpi\u0161ete Ugovor i uplatite iznos nazna\u010den za uplatnici.<\/p>\n\n\n\n<p>S potpisanim ugovorom, prijavnicom i odreskom uplatnice osobno se mo\u017eete prijaviti za osposobljavanje u Gradsko dru\u0161tvo Crvenog kri\u017ea Beli Manastir, Vladimira Nazora 28A, radnim danom od 7,00 do 15,00 sati ili pozivom na telefonski broj 031\/701-275<\/p>\n\n\n\n<p>Prilikom prijave, radnik Crvenog kri\u017ea \u0107e Vam ponuditi termin te\u010daja i mjesto odr\u017eavanja. Ukoliko Vam ne odgovara termin ili mjesto odr\u017eavanja te\u010daja, izvr\u0161it \u0107emo predbilje\u017ebu te Vas naknadno obavijestiti o te\u010daju.<\/p>\n\n\n\n<p>Ukoliko se na te\u010daj prijavite telefonski, na prvi nastavni sat obvezno ponesite ugovor i odrezak uplatnice jer bez njih ne mo\u017eete nazo\u010diti nastavi.<\/p>\n\n\n\n<hr class=\"wp-block-separator\"\/>\n","protected":false},"excerpt":{"rendered":"<p>Osposobljavanje kandidata za voza\u010de iz nastavnog predmeta Pru\u017eanje prve pomo\u0107i osobama ozlije\u0111enim u prometnoj nesre\u0107i, Gradsko dru\u0161tvo Crvenog kri\u017ea Beli Manastir (u dalnjem tekstu: GDCK Beli Manastir) provodi na temelju Zakon o sigurnosti u prometu i Pravilnika Ministarstva zdravstva i socijalne skrbi o osposobljavanju kandidata za voza\u010de vozila na motorni pogon iz nastavnog predmeta Pru\u017eanje [&hellip;]<\/p>\n","protected":false},"author":1,"featured_media":0,"parent":0,"menu_order":0,"comment_status":"closed","ping_status":"closed","template":"","meta":[],"_links":{"self":[{"href":"https:\/\/gdck-belimanastir.hr\/index.php?rest_route=\/wp\/v2\/pages\/258"}],"collection":[{"href":"https:\/\/gdck-belimanastir.hr\/index.php?rest_route=\/wp\/v2\/pages"}],"about":[{"href":"https:\/\/gdck-belimanastir.hr\/index.php?rest_route=\/wp\/v2\/types\/page"}],"author":[{"embeddable":true,"href":"https:\/\/gdck-belimanastir.hr\/index.php?rest_route=\/wp\/v2\/users\/1"}],"replies":[{"embeddable":true,"href":"https:\/\/gdck-belimanastir.hr\/index.php?rest_route=%2Fwp%2Fv2%2Fcomments&post=258"}],"version-history":[{"count":9,"href":"https:\/\/gdck-belimanastir.hr\/index.php?rest_route=\/wp\/v2\/pages\/258\/revisions"}],"predecessor-version":[{"id":2361,"href":"https:\/\/gdck-belimanastir.hr\/index.php?rest_route=\/wp\/v2\/pages\/258\/revisions\/2361"}],"wp:attachment":[{"href":"https:\/\/gdck-belimanastir.hr\/index.php?rest_route=%2Fwp%2Fv2%2Fmedia&parent=258"}],"curies":[{"name":"wp","href":"https:\/\/api.w.org\/{rel}","templated":true}]}}