{"id":260,"date":"2020-10-21T17:10:46","date_gmt":"2020-10-21T15:10:46","guid":{"rendered":"https:\/\/gdck-belimanastir.hr\/?page_id=260"},"modified":"2025-04-03T12:09:25","modified_gmt":"2025-04-03T10:09:25","slug":"prva-pomoc-za-radnike","status":"publish","type":"page","link":"https:\/\/gdck-belimanastir.hr\/?page_id=260","title":{"rendered":"Prva pomo\u0107 za radnike"},"content":{"rendered":"\n<p>Zakon o za\u0161titi na radu (NN 71\/14, \u010dlanak 56) i Pravilnik o pru\u017eanju prve pomo\u0107i radnicima na radu (NN 56\/83) obvezuju svakog poslodavca da na svakom radili\u0161tu i u radnim prostorijama gdje istodobno radi dva do 20 radnika, najmanje jedan radnik, te jo\u0161 po jedan do svakih sljede\u0107ih 50 radnika, mora biti osposobljen za pru\u017eanje prve pomo\u0107i u skladu s pravilima za\u0161tite na radu i u pisanom obliku dobiti obavijest da je odre\u0111en za pru\u017eanje prve pomo\u0107i.<\/p>\n\n\n\n<p>Gradsko dru\u0161tvo Crvenog kri\u017ea Beli Manastir prema Zakonu o Hrvatskom Crvenom kri\u017eu, zatim prema Statutu Hrvatskog Crvenog kri\u017ea, te prema Statutu Gradskog dru\u0161tva Crvenog kri\u017ea Beli Manastir, ima ovla\u0161tenje za provo\u0111enje obuke prve pomo\u0107i u radnim organizacijama. Ve\u0107 dugi niz godina Gradsko dru\u0161tvo Crvenog kri\u017ea Beli Manastir provodi te\u010dajeve prve pomo\u0107i za radnike brojnih radnih organizacija uspje\u0161no ih osposobljavaju\u0107i za pravodobno i pravilno pru\u017eanje prve pomo\u0107i.<\/p>\n\n\n\n<p>U toj suradnji Gradsko dru\u0161tvo Crvenog kri\u017ea Beli Manastir osigurava:<\/p>\n\n\n\n<ul><li>Licencirane lije\u010dnike predava\u010de<\/li><li>Nastavna sredstva i pomagala<\/li><li>Priru\u010dnik prve pomo\u0107i<\/li><li>Izdavanje va\u017ee\u0107e potvrde nakon polaganja ispita, uz nadzor i logisti\u010dku potporu Gradskog dru\u0161tva Crvenog kri\u017ea Beli Manastir<\/li><\/ul>\n\n\n\n<p>Ukoliko u Va\u0161oj radnoj organizaciji jo\u0161 niste radnike osposobili za pru\u017eanje prve pomo\u0107i, pozivamo Vas da se javite na email ili telefonski na brojeve voditeljima ili direktno na adresu:<\/p>\n\n\n\n<p>Gradsko dru\u0161tvo Crvenog kri\u017ea Beli Manastir,<br>Vladimira Nazora 28a, Beli Manastir,<br>na broj telefona: 031\/499-924 ili 031\/701-275<br><\/p>\n","protected":false},"excerpt":{"rendered":"<p>Zakon o za\u0161titi na radu (NN 71\/14, \u010dlanak 56) i Pravilnik o pru\u017eanju prve pomo\u0107i radnicima na radu (NN 56\/83) obvezuju svakog poslodavca da na svakom radili\u0161tu i u radnim prostorijama gdje istodobno radi dva do 20 radnika, najmanje jedan radnik, te jo\u0161 po jedan do svakih sljede\u0107ih 50 radnika, mora biti osposobljen za pru\u017eanje [&hellip;]<\/p>\n","protected":false},"author":1,"featured_media":0,"parent":0,"menu_order":0,"comment_status":"closed","ping_status":"closed","template":"","meta":[],"_links":{"self":[{"href":"https:\/\/gdck-belimanastir.hr\/index.php?rest_route=\/wp\/v2\/pages\/260"}],"collection":[{"href":"https:\/\/gdck-belimanastir.hr\/index.php?rest_route=\/wp\/v2\/pages"}],"about":[{"href":"https:\/\/gdck-belimanastir.hr\/index.php?rest_route=\/wp\/v2\/types\/page"}],"author":[{"embeddable":true,"href":"https:\/\/gdck-belimanastir.hr\/index.php?rest_route=\/wp\/v2\/users\/1"}],"replies":[{"embeddable":true,"href":"https:\/\/gdck-belimanastir.hr\/index.php?rest_route=%2Fwp%2Fv2%2Fcomments&post=260"}],"version-history":[{"count":4,"href":"https:\/\/gdck-belimanastir.hr\/index.php?rest_route=\/wp\/v2\/pages\/260\/revisions"}],"predecessor-version":[{"id":2362,"href":"https:\/\/gdck-belimanastir.hr\/index.php?rest_route=\/wp\/v2\/pages\/260\/revisions\/2362"}],"wp:attachment":[{"href":"https:\/\/gdck-belimanastir.hr\/index.php?rest_route=%2Fwp%2Fv2%2Fmedia&parent=260"}],"curies":[{"name":"wp","href":"https:\/\/api.w.org\/{rel}","templated":true}]}}