{"id":2615,"date":"2026-05-04T13:40:57","date_gmt":"2026-05-04T11:40:57","guid":{"rendered":"https:\/\/gdck-belimanastir.hr\/?page_id=2615"},"modified":"2026-05-04T13:40:58","modified_gmt":"2026-05-04T11:40:58","slug":"zajedno-bez-granica","status":"publish","type":"page","link":"https:\/\/gdck-belimanastir.hr\/?page_id=2615","title":{"rendered":"Zajedno bez granica"},"content":{"rendered":"\n<p><strong>NOSITELJ:<\/strong> Hrvatski Crveni kri\u017e Gradsko dru\u0161tvo Crvenog kri\u017ea Beli Manastir<br><strong>PARTNER:<\/strong> Grad Beli Manastir<br><strong>IZVOR FINANCIRANJA: <\/strong>Europski socijalni fond plus<br><strong>VRIJEDNOST:<\/strong> 293.806,09 eura<br><strong>KODNI BROJ PROJEKTA: <\/strong>SF.3.4.11.04.0042<\/p>\n\n\n\n<p>Hrvatski Crveni kri\u017e Gradsko dru\u0161tvo Crvenog kri\u017ea Beli Manastir provodi<br>projekt pod nazivom \u201eZajedno bez granica\u201c, sufinanciran sredstvima Europske unije iz Europskog socijalnog fonda plus, u ukupnoj vrijednosti 293.806,09 eura.<br>Nositelj projekta Hrvatski Crveni kri\u017e Gradsko dru\u0161tvo Crvenog kri\u017ea Beli<br>Manastir te partner na projektu Grad Beli Manastir tijekom trogodi\u0161nje provedbe trajanja projekta provodit \u0107e niz aktivnosti namijenjenih osobama starije \u017eivotne dobi, 65 i vi\u0161e godina, s podru\u010dja Belog Manastira, \u0160e\u0107erane, \u0160umarine i Branjinog Vrha. U prostorijama HCK Gradskog dru\u0161tva Crvenog Kri\u017ea Beli Manastir, na adresi Vladimira Nazora 28a u Belom Manastiru, bit \u0107e organiziran dnevni boravak sudionika projekta u sklopu kojeg \u0107e se ondje odvijati najrazli\u010ditije socijalne aktivnosti (tematski dani, edukativne radionice, predavanja, dru\u0161tvene igre, glazbeno-plesne radionice i sli\u010dno). Tako\u0111er, pru\u017eat \u0107e se psihosocijalna podr\u0161ka (individualna i grupna savjetovanja) te usluga prijevoza sudionika. Prijevoz sudionika omogu\u0107it \u0107e prijevoz kod lije\u010dnika, prijevoz do socijalnih institucija te prijevoz sudionika na radionice.<br>Provedbom ovog projekta pove\u0107at \u0107e se kvaliteta \u017eivota osoba starije \u017eivotne dobi, njihova socijalna uklju\u010denost i razina kvalitete \u017eivota, a sve s ciljem prevencije institucionalizacije.<\/p>\n\n\n\n<figure class=\"wp-block-image\"><img src=\"https:\/\/gdck-belimanastir.hr\/wp-content\/uploads\/2024\/01\/image.png\" alt=\"Ova slika ima prazan alt atribut ; naziv datoteke je image.png\"\/><\/figure>\n","protected":false},"excerpt":{"rendered":"<p>NOSITELJ: Hrvatski Crveni kri\u017e Gradsko dru\u0161tvo Crvenog kri\u017ea Beli ManastirPARTNER: Grad Beli ManastirIZVOR FINANCIRANJA: Europski socijalni fond plusVRIJEDNOST: 293.806,09 euraKODNI BROJ PROJEKTA: SF.3.4.11.04.0042 Hrvatski Crveni kri\u017e Gradsko dru\u0161tvo Crvenog kri\u017ea Beli Manastir provodiprojekt pod nazivom \u201eZajedno bez granica\u201c, sufinanciran sredstvima Europske unije iz Europskog socijalnog fonda plus, u ukupnoj vrijednosti 293.806,09 eura.Nositelj projekta Hrvatski Crveni [&hellip;]<\/p>\n","protected":false},"author":2,"featured_media":0,"parent":0,"menu_order":0,"comment_status":"closed","ping_status":"closed","template":"","meta":[],"_links":{"self":[{"href":"https:\/\/gdck-belimanastir.hr\/index.php?rest_route=\/wp\/v2\/pages\/2615"}],"collection":[{"href":"https:\/\/gdck-belimanastir.hr\/index.php?rest_route=\/wp\/v2\/pages"}],"about":[{"href":"https:\/\/gdck-belimanastir.hr\/index.php?rest_route=\/wp\/v2\/types\/page"}],"author":[{"embeddable":true,"href":"https:\/\/gdck-belimanastir.hr\/index.php?rest_route=\/wp\/v2\/users\/2"}],"replies":[{"embeddable":true,"href":"https:\/\/gdck-belimanastir.hr\/index.php?rest_route=%2Fwp%2Fv2%2Fcomments&post=2615"}],"version-history":[{"count":1,"href":"https:\/\/gdck-belimanastir.hr\/index.php?rest_route=\/wp\/v2\/pages\/2615\/revisions"}],"predecessor-version":[{"id":2616,"href":"https:\/\/gdck-belimanastir.hr\/index.php?rest_route=\/wp\/v2\/pages\/2615\/revisions\/2616"}],"wp:attachment":[{"href":"https:\/\/gdck-belimanastir.hr\/index.php?rest_route=%2Fwp%2Fv2%2Fmedia&parent=2615"}],"curies":[{"name":"wp","href":"https:\/\/api.w.org\/{rel}","templated":true}]}}