{"id":499,"date":"2021-03-02T11:11:44","date_gmt":"2021-03-02T10:11:44","guid":{"rendered":"https:\/\/gdck-belimanastir.hr\/?page_id=499"},"modified":"2021-03-02T11:14:42","modified_gmt":"2021-03-02T10:14:42","slug":"sluzba-trazenja","status":"publish","type":"page","link":"https:\/\/gdck-belimanastir.hr\/?page_id=499","title":{"rendered":"Slu\u017eba tra\u017eenja"},"content":{"rendered":"\n<ul><li>Slu\u017eba tra\u017eenja je posebna slu\u017eba predvi\u0111ena me\u0111unarodnim ugovorima tzv. \u017denevskim konvencijama i Dopunskim protokolima, utemeljena u Zakonu o Hrvatskom Crvenom kri\u017ea kao javna ovlast HCK.<\/li><li>U prvoj funkciji u vrijeme oru\u017eanog sukoba radi na prikupljanju podataka i davanju obavijesti o \u017ertvama rata.<\/li><li>Uz osnovnu zada\u0107u u ratu danas Slu\u017eba tra\u017eenja obavlja i dr. humanitarne usluge gra\u0111anima u miru, koje obuhva\u0107aju davanje podataka i obavijesti o sudbini osoba koje su razdvojene, stradale ili nestale zbog elementarnih nesre\u0107a, teroristi\u010dkih napada, migracija i dr. doga\u0111anja u kojima strada veliki broj osoba a nije mogu\u0107e uspostaviti normalne puteve komunikacije.<\/li><li>Pored obavljanja tih poslova iz nadle\u017enosti Slu\u017ebe tra\u017eenja ima zada\u0107u da me\u0111u svem pu\u010danstvom \u0161iri znanja o me\u0111unarodnom humanitarnom pravu.<\/li><li>Zada\u0107a je da priprema svoje \u010dlanstvo za djelovanje u izvanrednim situacijama i stoga ima u svakoj op\u0107ini i gradskom mjesnom odboru POVJERENIKE SLU\u017dBE TRA\u017dENJA. Prema potrebi organiziramo edukaciju povjerenike ali i zajedni\u010dke vje\u017eba u rje\u0161avanju pojedinih mo\u017eebitnih situacija. Pri tome valja ista\u0107i da jedino u ovoj djelatnosti vr\u0161imo upravni postupak koja dokumentacija ima pravni u\u010dinak na ostvarenje odre\u0111enih prava. Stoga usko sura\u0111ujemo sa policijom, mati\u010dnim uredima, bolnicom, socijalnim ustanovama, \u017eupnim uredima, komunalnim poduze\u0107ima, gra\u0111anima i dr koji nam mogu pomo\u0107i u rje\u0161avanju pojedinih slu\u010dajeva i predmeta. Prema van radimo isklju\u010divo preko Nacionalne Slu\u017ebe tra\u017eenja HCK.<\/li><li>Zbog ozbiljnost i osjetljivosti poslova koji obavljamo u toj Slu\u017ebi te poradi strogo propisanih Obrazaca po Me\u0111unarodnom komitetu u \u017denevi, potrebno je da vodimo dvojnu dokumentaciju elektronsku ali i pisanu karti\u010dnu (poradi djelovanja u izvanrednim situacija \u2013 kada nema elektr. energije i sl). Obzirom da je posao koji se radi emocionalno vrlo stresan vr\u0161i se pomno odabir kadrova koji rade kao povjerenici ali u Slu\u017ebi tra\u017eenja sa tra\u017eiteljima ili tra\u017eenima. Najljep\u0161a zahvala za trud je kad nekome donesemo lijepu vijest.<\/li><\/ul>\n","protected":false},"excerpt":{"rendered":"<p>Slu\u017eba tra\u017eenja je posebna slu\u017eba predvi\u0111ena me\u0111unarodnim ugovorima tzv. \u017denevskim konvencijama i Dopunskim protokolima, utemeljena u Zakonu o Hrvatskom Crvenom kri\u017ea kao javna ovlast HCK. U prvoj funkciji u vrijeme oru\u017eanog sukoba radi na prikupljanju podataka i davanju obavijesti o \u017ertvama rata. Uz osnovnu zada\u0107u u ratu danas Slu\u017eba tra\u017eenja obavlja i dr. humanitarne usluge [&hellip;]<\/p>\n","protected":false},"author":1,"featured_media":0,"parent":0,"menu_order":0,"comment_status":"closed","ping_status":"closed","template":"","meta":[],"_links":{"self":[{"href":"https:\/\/gdck-belimanastir.hr\/index.php?rest_route=\/wp\/v2\/pages\/499"}],"collection":[{"href":"https:\/\/gdck-belimanastir.hr\/index.php?rest_route=\/wp\/v2\/pages"}],"about":[{"href":"https:\/\/gdck-belimanastir.hr\/index.php?rest_route=\/wp\/v2\/types\/page"}],"author":[{"embeddable":true,"href":"https:\/\/gdck-belimanastir.hr\/index.php?rest_route=\/wp\/v2\/users\/1"}],"replies":[{"embeddable":true,"href":"https:\/\/gdck-belimanastir.hr\/index.php?rest_route=%2Fwp%2Fv2%2Fcomments&post=499"}],"version-history":[{"count":2,"href":"https:\/\/gdck-belimanastir.hr\/index.php?rest_route=\/wp\/v2\/pages\/499\/revisions"}],"predecessor-version":[{"id":503,"href":"https:\/\/gdck-belimanastir.hr\/index.php?rest_route=\/wp\/v2\/pages\/499\/revisions\/503"}],"wp:attachment":[{"href":"https:\/\/gdck-belimanastir.hr\/index.php?rest_route=%2Fwp%2Fv2%2Fmedia&parent=499"}],"curies":[{"name":"wp","href":"https:\/\/api.w.org\/{rel}","templated":true}]}}