{"id":58,"date":"2020-10-18T18:00:06","date_gmt":"2020-10-18T16:00:06","guid":{"rendered":"http:\/\/gdck-belimanastir.hr\/?page_id=58"},"modified":"2025-04-03T11:31:51","modified_gmt":"2025-04-03T09:31:51","slug":"tijela-upravljanja","status":"publish","type":"page","link":"https:\/\/gdck-belimanastir.hr\/?page_id=58","title":{"rendered":"Tijela upravljanja"},"content":{"rendered":"\n<p>Skup\u0161tina Gradskog dru\u0161tva Crvenog kri\u017ea Beli Manastir najvi\u0161e je tijelo upravljanja i odlu\u010divanja Gradskog dru\u0161tva Crvenog kri\u017ea Beli Manastir. Rad Skup\u0161tine odvija se na sjednicama koje se sazivaju najmanje jedanput godi\u0161nje.<\/p>\n\n\n\n<p>U radu Skup\u0161tine \u010dlanovi GDCK Beli Manastir sudjeluju putem izabranih predstavnika &#8211; zastupnika. Svaki zastupnik ima jedan glas.<br><br>Skup\u0161tina Hrvatskog Crvenog kri\u017ea broji sveukupno do 15 zastupnika. Odluku o broju \u010dlanova Skup\u0161tine za budu\u0107i mandat donosi Skup\u0161tina prije izbora. Mandat zastupnika Skup\u0161tine traje \u010detiri godine. Izabrani zastupnici na konstituiraju\u0107oj sjednici biraju predsjednika, potpredsjednike, Glavni odbor kao izvr\u0161no tijelo Skup\u0161tine i Nadzorni odbor.<br><br>Skup\u0161tina u djelokrugu svog rada donosi Statut Hrvatskog Crvenog kri\u017ea, programsku orijentaciju i razvojne programe za \u010detverogodi\u0161nje mandatno razdoblje, usvaja plan rada i financijski plan za sljede\u0107u kalendarsku godinu, usvaja izvje\u0161\u0107e o radu za prethodnu kalendarsku godinu i godi\u0161nje financijsko izvje\u0161\u0107e, razmatra i usvaja izvje\u0161\u0107a o radu i poslovanju za mandatno razdoblje, donosi odluke o statusnim i drugim pitanjima unutarnjeg ustroja, rada i djelovanja i radnim tijelima, odlu\u010duje o promjeni ciljeva i djelatnosti, gospodarskih djelatnosti, prestanku rada i raspodjeli preostale imovine Gradskog dru\u0161tva Crvenog kri\u017ea Beli Manastir, donosi odluku o na\u010dinu rada Gradskog dru\u0161tva Crvenog kri\u017ea Beli Manastir u oru\u017eanom sukobu i drugim izvanrednim situacijama, donosi pravilnike i druge akte.<\/p>\n","protected":false},"excerpt":{"rendered":"<p>Skup\u0161tina Gradskog dru\u0161tva Crvenog kri\u017ea Beli Manastir najvi\u0161e je tijelo upravljanja i odlu\u010divanja Gradskog dru\u0161tva Crvenog kri\u017ea Beli Manastir. Rad Skup\u0161tine odvija se na sjednicama koje se sazivaju najmanje jedanput godi\u0161nje. U radu Skup\u0161tine \u010dlanovi GDCK Beli Manastir sudjeluju putem izabranih predstavnika &#8211; zastupnika. Svaki zastupnik ima jedan glas. Skup\u0161tina Hrvatskog Crvenog kri\u017ea broji sveukupno [&hellip;]<\/p>\n","protected":false},"author":1,"featured_media":0,"parent":0,"menu_order":0,"comment_status":"closed","ping_status":"closed","template":"","meta":[],"_links":{"self":[{"href":"https:\/\/gdck-belimanastir.hr\/index.php?rest_route=\/wp\/v2\/pages\/58"}],"collection":[{"href":"https:\/\/gdck-belimanastir.hr\/index.php?rest_route=\/wp\/v2\/pages"}],"about":[{"href":"https:\/\/gdck-belimanastir.hr\/index.php?rest_route=\/wp\/v2\/types\/page"}],"author":[{"embeddable":true,"href":"https:\/\/gdck-belimanastir.hr\/index.php?rest_route=\/wp\/v2\/users\/1"}],"replies":[{"embeddable":true,"href":"https:\/\/gdck-belimanastir.hr\/index.php?rest_route=%2Fwp%2Fv2%2Fcomments&post=58"}],"version-history":[{"count":2,"href":"https:\/\/gdck-belimanastir.hr\/index.php?rest_route=\/wp\/v2\/pages\/58\/revisions"}],"predecessor-version":[{"id":2350,"href":"https:\/\/gdck-belimanastir.hr\/index.php?rest_route=\/wp\/v2\/pages\/58\/revisions\/2350"}],"wp:attachment":[{"href":"https:\/\/gdck-belimanastir.hr\/index.php?rest_route=%2Fwp%2Fv2%2Fmedia&parent=58"}],"curies":[{"name":"wp","href":"https:\/\/api.w.org\/{rel}","templated":true}]}}