{"id":59,"date":"2020-10-18T18:00:06","date_gmt":"2020-10-18T16:00:06","guid":{"rendered":"http:\/\/gdck-belimanastir.hr\/?page_id=59"},"modified":"2025-04-03T11:41:12","modified_gmt":"2025-04-03T09:41:12","slug":"zaposlenici","status":"publish","type":"page","link":"https:\/\/gdck-belimanastir.hr\/?page_id=59","title":{"rendered":"Zaposlenici"},"content":{"rendered":"\n<p><strong>RAVNATELJ<\/strong><br>Damir Mendler<br>Tel: 031\/499-924<br>E-mail: gdck.belimanastir@gmail.com<\/p>\n\n\n\n<p><strong>OSTALI DJELATNICI: <\/strong><br>Tel: 031\/701-275<\/p>\n\n\n\n<p>Jovana Gajda\u0161evi\u0107 (tajnica) <br>E-mail: jgajdasevicgdckbm@gmail.com<\/p>\n\n\n\n<p>Jelena Mom\u010dilovi\u0107 (pra\u0107enje i provedba projekta) <br>E-mail: jmomcilovicgdckbm@gmail.com<\/p>\n\n\n\n<p>Ana Mati\u0107 (projektni asistent)<br>E-mail: amaticgdckbm@gmail.com<\/p>\n\n\n\n<p>Diana Mendler (referent op\u0107ih poslova) <br>E-mail: dmendlergdckbm@gmail.com<\/p>\n","protected":false},"excerpt":{"rendered":"<p>RAVNATELJDamir MendlerTel: 031\/499-924E-mail: gdck.belimanastir@gmail.com OSTALI DJELATNICI: Tel: 031\/701-275 Jovana Gajda\u0161evi\u0107 (tajnica) E-mail: jgajdasevicgdckbm@gmail.com Jelena Mom\u010dilovi\u0107 (pra\u0107enje i provedba projekta) E-mail: jmomcilovicgdckbm@gmail.com Ana Mati\u0107 (projektni asistent)E-mail: amaticgdckbm@gmail.com Diana Mendler (referent op\u0107ih poslova) E-mail: dmendlergdckbm@gmail.com<\/p>\n","protected":false},"author":1,"featured_media":0,"parent":0,"menu_order":0,"comment_status":"closed","ping_status":"closed","template":"","meta":[],"_links":{"self":[{"href":"https:\/\/gdck-belimanastir.hr\/index.php?rest_route=\/wp\/v2\/pages\/59"}],"collection":[{"href":"https:\/\/gdck-belimanastir.hr\/index.php?rest_route=\/wp\/v2\/pages"}],"about":[{"href":"https:\/\/gdck-belimanastir.hr\/index.php?rest_route=\/wp\/v2\/types\/page"}],"author":[{"embeddable":true,"href":"https:\/\/gdck-belimanastir.hr\/index.php?rest_route=\/wp\/v2\/users\/1"}],"replies":[{"embeddable":true,"href":"https:\/\/gdck-belimanastir.hr\/index.php?rest_route=%2Fwp%2Fv2%2Fcomments&post=59"}],"version-history":[{"count":2,"href":"https:\/\/gdck-belimanastir.hr\/index.php?rest_route=\/wp\/v2\/pages\/59\/revisions"}],"predecessor-version":[{"id":2351,"href":"https:\/\/gdck-belimanastir.hr\/index.php?rest_route=\/wp\/v2\/pages\/59\/revisions\/2351"}],"wp:attachment":[{"href":"https:\/\/gdck-belimanastir.hr\/index.php?rest_route=%2Fwp%2Fv2%2Fmedia&parent=59"}],"curies":[{"name":"wp","href":"https:\/\/api.w.org\/{rel}","templated":true}]}}