{"id":60,"date":"2020-10-18T18:00:06","date_gmt":"2020-10-18T16:00:06","guid":{"rendered":"http:\/\/gdck-belimanastir.hr\/?page_id=60"},"modified":"2025-04-03T12:01:30","modified_gmt":"2025-04-03T10:01:30","slug":"clanstvo","status":"publish","type":"page","link":"https:\/\/gdck-belimanastir.hr\/?page_id=60","title":{"rendered":"\u010clanstvo"},"content":{"rendered":"\n<p>\u010clanovi Gradskog dru\u0161tva Crvenog kri\u017ea Beli Manastir mogu biti fizi\u010dke i pravne osobe.<\/p>\n\n\n\n<p>\u010clanstvo u Gradskom dru\u0161tvu Crvenom kri\u017eu Beli Manastir je dobrovoljno, a&nbsp; \u010dlan mo\u017ee biti svaka osoba, neovisno o rasi, boji ko\u017ee, spolu, jeziku, vjeri, nacionalnom ili socijalnom podrijetlu, politi\u010dkom ili drugom uvjerenju, imovini, ro\u0111enju, naobrazbi, dru\u0161tvenom polo\u017eaju ili drugim osobinama.<\/p>\n\n\n\n<p>\u010clanovi Gradskog dru\u0161tva Crvenog kri\u017ea Beli Manastir mogu biti:<\/p>\n\n\n\n<ul><li>aktivni \u010dlanovi,<\/li><li>dobrovoljni davatelji krvi,<\/li><li>mladi \u010dlanovi,<\/li><li>potporni (poma\u017eu\u0107i) i<\/li><li>po\u010dasni \u010dlanovi.<\/li><\/ul>\n\n\n\n<p>Aktivni \u010dlanovi su punoljetne poslovno sposobne osobe koje su spremne sudjelovati u radu Gradskog dru\u0161tva Crvenog kri\u017ea Beli Manastir i pla\u0107ati \u010dlanarinu. <strong>\u010clanarina za aktivnog \u010dlana iznosi 6,00 eura (godi\u0161nja \u010dlanarina).<\/strong><\/p>\n\n\n\n<p>Dobrovoljni davatelji krvi su \u010dlanovi bez obveze pla\u0107anja \u010dlanarine, ukoliko se svoga prava ne odreknu.<\/p>\n\n\n\n<p>Mladi \u010dlanovi Gradskog dru\u0161tva Crvenog kri\u017ea Beli Manastir su u\u010denici, studenti, odnosno mlade osobe do 30 godina starosti koji su spremni sudjelovati u radu Gradskog dru\u0161tva Crvenog kri\u017ea Beli Manastir i pla\u0107ati \u010dlanarinu. Mlade osobe od 18 do 30 godina starosti mogu izabrati \u017eele li biti aktivni ili mladi \u010dlanovi Gradskog dru\u0161tva Crvenog kri\u017ea Beli Manastir. <strong>\u010clanarina za mladog \u010dlana iznosi 2,00 eura (godi\u0161nja \u010dlanarina).<\/strong><\/p>\n\n\n\n<p>Za osobe mla\u0111e od 14 godina, uz&nbsp;<a href=\"https:\/\/www.crvenikrizosijek.hr\/wp-content\/uploads\/2025\/01\/Pristupnica-u-clanstvo.pdf\" target=\"_blank\" rel=\"noreferrer noopener\">PRISTUPNICU<\/a>, zakonski zastupnik\/skrbnik popunjava i&nbsp;<a href=\"https:\/\/www.crvenikrizosijek.hr\/wp-content\/uploads\/2025\/01\/Izjava-o-uclanjivanju_mladji-od-14.pdf\" target=\"_blank\" rel=\"noreferrer noopener\">IZJAVU O U\u010cLANJIVANJU<\/a>.<\/p>\n\n\n\n<p>Za osobe od 14 do 18 godina, uz&nbsp;<a href=\"https:\/\/www.crvenikrizosijek.hr\/wp-content\/uploads\/2025\/01\/Pristupnica-u-clanstvo.pdf\" target=\"_blank\" rel=\"noreferrer noopener\">PRISTUPNICU<\/a>, zakonski zastupnik\/skrbnik popunjava i&nbsp;<a href=\"https:\/\/www.crvenikrizosijek.hr\/wp-content\/uploads\/2025\/01\/Suglasnost-stariji-od-14-mladji-od-18.pdf\" target=\"_blank\" rel=\"noreferrer noopener\">SUGLASNOST<\/a>.<\/p>\n\n\n\n<p>Potporni (poma\u017eu\u0107i) \u010dlanovi Gradskog dru\u0161tva Crvenog kri\u017ea Beli Manastir su fizi\u010dke i pravne osobe koje poma\u017eu Gradskog dru\u0161tva Crvenog kri\u017ea Beli Manastir ili njegovim dru\u0161tvima u humanitarnom djelovanju (kroz pokroviteljstvo ili drugi oblik pomo\u0107i).<\/p>\n\n\n\n<p>Po\u010dasni \u010dlanovi Gradskog dru\u0161tva Crvenog kri\u017ea Beli Manastir su osobe koje su dobrotvornim radom i osobitim zaslugama pridonijele op\u0107em razvoju Gradskog dru\u0161tva Crvenog kri\u017ea Beli Manastir i Republike Hrvatske.<\/p>\n\n\n\n<p>Ako \u017eelite postati \u010dlan Gradskog dru\u0161tva Crvenog kri\u017ea Beli Manastir mo\u017eete to u\u010diniti na sljede\u0107i na\u010din:<br>\u2981&nbsp; popunjavanjem PDF obrasca&nbsp;<a rel=\"noreferrer noopener\" href=\"https:\/\/www.crvenikrizosijek.hr\/wp-content\/uploads\/2025\/01\/Pristupnica-u-clanstvo.pdf\" target=\"_blank\">PRISTUPNICE<\/a>&nbsp;koju mo\u017eete, skeniranu i sa vlastoru\u010dnim potpisom poslati na e-mail: gdck.belimanastir@gmail.com<br>\u2981&nbsp;&nbsp; &nbsp;dono\u0161enjem ispunjene, vlastoru\u010dno potpisane i isprintane&nbsp;<a rel=\"noreferrer noopener\" href=\"https:\/\/www.crvenikrizosijek.hr\/wp-content\/uploads\/2025\/01\/Pristupnica-u-clanstvo.pdf\" target=\"_blank\">PRISTUPNICE<\/a>&nbsp; u ured Gradskog dru\u0161tva Crvenog kri\u017ea Beli Manastir<br>\u2981&nbsp;&nbsp; &nbsp;slanjem ispunjene, vlastoru\u010dno potpisane i isprintane &nbsp;<a rel=\"noreferrer noopener\" href=\"https:\/\/www.crvenikrizosijek.hr\/wp-content\/uploads\/2025\/01\/Pristupnica-u-clanstvo.pdf\" target=\"_blank\">PRISTUPNICE<\/a>&nbsp; po\u0161tom na adresu Vladimira Nazora 28 A, 31 300 Beli Manastir<br>\u2981&nbsp;&nbsp; &nbsp;ili osobnim dolaskom u ured Gradskog dru\u0161tva Crvenog kri\u017ea Beli Manastir<\/p>\n\n\n\n<p>\u010clanarina se upla\u0107uje se na \u017eiro ra\u010dun Gradskog dru\u0161tva Crvenog kri\u017ea Beli Manastir <a class=\"rank-math-link\">HR3723400091100011476 (PBZ)<\/a> otvorenog u Privrednoj banci Zagreb (u opisu pla\u0107anja navesti: ime i prezime, OIB, datum ro\u0111enja, \u010dlanarina za 2025. godinu)<\/p>\n\n\n\n<p>Kontakt: 031\/ 701-275 ili 031\/499-924<\/p>\n\n\n\n<p><strong>Program pogodnosti za \u010dlanove Crvenog kri\u017ea: <\/strong><\/p>\n\n\n\n<p>Program pogodnosti Hrvatskog Crvenog kri\u017ea namijenjen je svim \u010dlanovima i zaposlenicima Gradskog dru\u0161tva Crvenog kri\u017ea Beli Manastir, kao znak zahvale i doprinosa zajednici. Program pogodnosti \u010dlanovima omogu\u0107uje razli\u010dite popuste, pogodnosti i posebne ponude u suradnji s partnerskim tvrtkama. Vi\u0161e informacija na stranici: <\/p>\n\n\n\n<p><strong><em><a href=\"https:\/\/www.hck.hr\/pogodnosti-za-clanove\/12021\" class=\"rank-math-link\">Pogodnosti za \u010dlanove <\/a><\/em><\/strong><\/p>\n","protected":false},"excerpt":{"rendered":"<p>\u010clanovi Gradskog dru\u0161tva Crvenog kri\u017ea Beli Manastir mogu biti fizi\u010dke i pravne osobe. \u010clanstvo u Gradskom dru\u0161tvu Crvenom kri\u017eu Beli Manastir je dobrovoljno, a&nbsp; \u010dlan mo\u017ee biti svaka osoba, neovisno o rasi, boji ko\u017ee, spolu, jeziku, vjeri, nacionalnom ili socijalnom podrijetlu, politi\u010dkom ili drugom uvjerenju, imovini, ro\u0111enju, naobrazbi, dru\u0161tvenom polo\u017eaju ili drugim osobinama. \u010clanovi Gradskog [&hellip;]<\/p>\n","protected":false},"author":1,"featured_media":0,"parent":0,"menu_order":0,"comment_status":"closed","ping_status":"closed","template":"","meta":[],"_links":{"self":[{"href":"https:\/\/gdck-belimanastir.hr\/index.php?rest_route=\/wp\/v2\/pages\/60"}],"collection":[{"href":"https:\/\/gdck-belimanastir.hr\/index.php?rest_route=\/wp\/v2\/pages"}],"about":[{"href":"https:\/\/gdck-belimanastir.hr\/index.php?rest_route=\/wp\/v2\/types\/page"}],"author":[{"embeddable":true,"href":"https:\/\/gdck-belimanastir.hr\/index.php?rest_route=\/wp\/v2\/users\/1"}],"replies":[{"embeddable":true,"href":"https:\/\/gdck-belimanastir.hr\/index.php?rest_route=%2Fwp%2Fv2%2Fcomments&post=60"}],"version-history":[{"count":5,"href":"https:\/\/gdck-belimanastir.hr\/index.php?rest_route=\/wp\/v2\/pages\/60\/revisions"}],"predecessor-version":[{"id":2356,"href":"https:\/\/gdck-belimanastir.hr\/index.php?rest_route=\/wp\/v2\/pages\/60\/revisions\/2356"}],"wp:attachment":[{"href":"https:\/\/gdck-belimanastir.hr\/index.php?rest_route=%2Fwp%2Fv2%2Fmedia&parent=60"}],"curies":[{"name":"wp","href":"https:\/\/api.w.org\/{rel}","templated":true}]}}