{"id":61,"date":"2022-11-27T18:00:00","date_gmt":"2022-11-27T17:00:00","guid":{"rendered":"http:\/\/gdck-belimanastir.hr\/?page_id=61"},"modified":"2025-12-15T13:33:30","modified_gmt":"2025-12-15T12:33:30","slug":"dobrovoljno-darivanje-krvi","status":"publish","type":"page","link":"https:\/\/gdck-belimanastir.hr\/?page_id=61","title":{"rendered":"Dobrovoljno darivanje krvi u 2026."},"content":{"rendered":"\n<p>Gradsko dru\u0161tvo Crvenog kri\u017ea Beli Manastir promotor je dobrovoljnog darivanja krvi na prostoru svoje nadle\u017enosti. U suradnji sa dobrovoljnih darivateljima krvi i Klini\u010dkim zavodom za transfuzijsku medicinu Klini\u010dkog bolni\u010dkog centra Osijek okuplja i organizira darivatelje krvi po mjestu stanovanja.<\/p>\n\n\n\n<p>Zahvaljuju\u0107i darivateljima koji se organizirano uklju\u010duju u akcije dobrovoljnog darivanja krvi osiguravaju se uvijek dostatne koli\u010dine svje\u017ee krvi za potrebe Klini\u010dkog bolni\u010dkog centra Osijek i banke krvi Klini\u010dkog bolni\u010dkog centra Osijek.<\/p>\n\n\n\n<p>U cilju osiguranja dostatnih koli\u010dina krvi Gradsko dru\u0161tvo Crvenog kri\u017ea Beli Manastir provodi sljede\u0107e aktivnosti:<\/p>\n\n\n\n<ul><li>Izrada godi\u0161njeg vremenika akcija davanja krvi u dogovoru s Klini\u010dkim zavodom za transfuzijsku medicinu Klini\u010dkog bolni\u010dkog centra Osijek<\/li><li>Organiziranje akcija dobrovoljnog davanja krvi<\/li><li>Vo\u0111enje baze podataka dobrovoljnih davatelja i broja davanja, te izdavanje potrebnih potvrda.<\/li><li>Organiziranje proslave Dana dobrovoljnih davatelja krvi i dodjela priznanja i zahvalnica<\/li><li>Promid\u017eba dobrovoljnog davanja krvi<\/li><li>Opremanje i pobolj\u0161anje uvjeta za provo\u0111enje akcija dobrovoljnog davanja krvi<\/li><li>Edukacija volontera<\/li><\/ul>\n\n\n\n<hr class=\"wp-block-separator\"\/>\n\n\n\n<p>Tko mo\u017ee darivati krv?<\/p>\n\n\n\n<p>Krv mo\u017ee darivati svaki \u010dovjek dobrog op\u0107eg zdravstvenog stanja starosti od 18 do 65 godina. U Hrvatskoj, mu\u0161karci smiju dati krv do 4 puta godi\u0161nje, s razmakom izme\u0111u darivanja od 3 mjeseca. \u017dene smiju dati krv do 3 puta godi\u0161nje, s razmakom izme\u0111u darivanja od 4 mjeseca.<\/p>\n\n\n\n<p>Darivanje krvi jednostavan je postupak koji ne traje du\u017ee od 10 do 15 minuta. Nekoliko sati prije samog darivanja preporu\u010da se lagani obrok. Zbog bolesnika tj. pacijenata koji \u0107e primiti darovanu krv, ne preporu\u010da se jesti izrazito masnu hranu ili piti alkohol osam sati prije darivanja krvi.<\/p>\n\n\n\n<p>Hrvatski Crveni kri\u017e vodi brigu o svim darivateljima krvi kroz dru\u0161tveno vrednovanje njihove humanosti i dodjeljivanjem priznanja za odre\u0111eni broj darivanja.<\/p>\n\n\n\n<p>Priznanja Hrvatskog Crvenog kri\u017ea:<\/p>\n\n\n\n<ul><li>\u017dene za 1, 5, 10, 20, 25, 35, 55 i 75 puta darovanu krv<\/li><li>Mu\u0161karci za 1, 10, 20, 30, 40, 50, 75 i 100 puta darovanu krv<\/li><li>Obiteljske zahvalnice<\/li><li>Zavr\u0161ne zahvalnice<\/li><li>Zahvalnice za izvanredni uspjeh (za 125, 150 i 200 puta darovanu krv)<\/li><li>Za plemenitu i humanitarnu aktivnost darivanja krvi, \u017eenama za 75 puta darovanu krv, a mu\u0161karcima za 100 puta darovanu krv Osje\u010dko-baranjska \u017eupanija dodjeljuje Povelju humanosti, a Predsjednik Republike Hrvatske odlikuje ih Redom Danice hrvatske s likom Katarine Zrinske.<\/li><\/ul>\n\n\n\n<p><strong>U Hrvatskoj darivatelji krvi ostvaruju osloba\u0111anje od pla\u0107anja participacije \u2013 \u017eene za 26 i vi\u0161e puta darovanu krv, a mu\u0161karci za 36 i vi\u0161e puta darovanu krv. Ostvaruju slobodne dane u skladu sa Zakonom o radu (NN 137\/04, \u010dl. 57) te su osigurani za vrijeme dolaska i odlaska s mjesta darivanja te vrijeme provedeno na akciji darivanja krvi.<\/strong><\/p>\n\n\n\n<hr class=\"wp-block-separator\"\/>\n\n\n\n<p class=\"has-text-align-center has-medium-font-size\"><strong>Raspored dobrovoljnog darivanja krvi u Gradskom dru\u0161tvu Crvenog kri\u017ea Beli Manastir za 2026. godinu:<\/strong><\/p>\n\n\n\n<figure class=\"wp-block-image size-large\"><img loading=\"lazy\" width=\"808\" height=\"658\" src=\"https:\/\/gdck-belimanastir.hr\/wp-content\/uploads\/2025\/12\/image-1.png\" alt=\"\" class=\"wp-image-2485\" srcset=\"https:\/\/gdck-belimanastir.hr\/wp-content\/uploads\/2025\/12\/image-1.png 808w, https:\/\/gdck-belimanastir.hr\/wp-content\/uploads\/2025\/12\/image-1-300x244.png 300w, https:\/\/gdck-belimanastir.hr\/wp-content\/uploads\/2025\/12\/image-1-768x625.png 768w\" sizes=\"(max-width: 808px) 100vw, 808px\" \/><\/figure>\n","protected":false},"excerpt":{"rendered":"<p>Gradsko dru\u0161tvo Crvenog kri\u017ea Beli Manastir promotor je dobrovoljnog darivanja krvi na prostoru svoje nadle\u017enosti. U suradnji sa dobrovoljnih darivateljima krvi i Klini\u010dkim zavodom za transfuzijsku medicinu Klini\u010dkog bolni\u010dkog centra Osijek okuplja i organizira darivatelje krvi po mjestu stanovanja. Zahvaljuju\u0107i darivateljima koji se organizirano uklju\u010duju u akcije dobrovoljnog darivanja krvi osiguravaju se uvijek dostatne koli\u010dine [&hellip;]<\/p>\n","protected":false},"author":1,"featured_media":0,"parent":0,"menu_order":0,"comment_status":"closed","ping_status":"closed","template":"","meta":[],"_links":{"self":[{"href":"https:\/\/gdck-belimanastir.hr\/index.php?rest_route=\/wp\/v2\/pages\/61"}],"collection":[{"href":"https:\/\/gdck-belimanastir.hr\/index.php?rest_route=\/wp\/v2\/pages"}],"about":[{"href":"https:\/\/gdck-belimanastir.hr\/index.php?rest_route=\/wp\/v2\/types\/page"}],"author":[{"embeddable":true,"href":"https:\/\/gdck-belimanastir.hr\/index.php?rest_route=\/wp\/v2\/users\/1"}],"replies":[{"embeddable":true,"href":"https:\/\/gdck-belimanastir.hr\/index.php?rest_route=%2Fwp%2Fv2%2Fcomments&post=61"}],"version-history":[{"count":18,"href":"https:\/\/gdck-belimanastir.hr\/index.php?rest_route=\/wp\/v2\/pages\/61\/revisions"}],"predecessor-version":[{"id":2486,"href":"https:\/\/gdck-belimanastir.hr\/index.php?rest_route=\/wp\/v2\/pages\/61\/revisions\/2486"}],"wp:attachment":[{"href":"https:\/\/gdck-belimanastir.hr\/index.php?rest_route=%2Fwp%2Fv2%2Fmedia&parent=61"}],"curies":[{"name":"wp","href":"https:\/\/api.w.org\/{rel}","templated":true}]}}