{"id":62,"date":"2022-10-10T18:00:06","date_gmt":"2022-10-10T16:00:06","guid":{"rendered":"http:\/\/gdck-belimanastir.hr\/?page_id=62"},"modified":"2022-11-13T22:37:26","modified_gmt":"2022-11-13T21:37:26","slug":"volontiranje-u-gdck-beli-manastir","status":"publish","type":"page","link":"https:\/\/gdck-belimanastir.hr\/?page_id=62","title":{"rendered":"Volontiranje u GDCK Beli Manastir"},"content":{"rendered":"\n<p>Volontiranje je dobrovoljno ulaganje osobnog vremena, truda, znanja i vje\u0161tina kojima se obavljaju usluge ili aktivnosti za dobrobit druge osobe ili za zajedni\u010dku dobrobit, a obavljaju ih osobe na na\u010din predvi\u0111en ovim Zakonom, bez postojanja uvjeta isplate nov\u010dane nagrade ili potra\u017eivanja druge imovinske koristi za obavljeno volontiranje, ako ovim Zakonom nije druk\u010dije odre\u0111eno.<\/p>\n\n\n\n<p>Sve zainteresirane osobe koje se \u017eele prijaviti na volontiranje mogu se prijaviti ispunjavanjem obrasca u nastavku.<\/p>\n\n\n\n<p>Prijavnica: <a href=\"https:\/\/forms.gle\/kXdkRwiorY5gUZvi8\">https:\/\/forms.gle\/kXdkRwiorY5gUZvi8<\/a><\/p>\n\n\n\n<figure class=\"wp-block-gallery columns-4 is-cropped\"><ul class=\"blocks-gallery-grid\"><li class=\"blocks-gallery-item\"><figure><img loading=\"lazy\" width=\"720\" height=\"960\" src=\"https:\/\/gdck-belimanastir.hr\/wp-content\/uploads\/2022\/11\/91320488_118040383176519_5666663366534365184_n.jpg\" alt=\"\" data-id=\"1380\" data-full-url=\"https:\/\/gdck-belimanastir.hr\/wp-content\/uploads\/2022\/11\/91320488_118040383176519_5666663366534365184_n.jpg\" data-link=\"https:\/\/gdck-belimanastir.hr\/?attachment_id=1380\" class=\"wp-image-1380\" srcset=\"https:\/\/gdck-belimanastir.hr\/wp-content\/uploads\/2022\/11\/91320488_118040383176519_5666663366534365184_n.jpg 720w, https:\/\/gdck-belimanastir.hr\/wp-content\/uploads\/2022\/11\/91320488_118040383176519_5666663366534365184_n-225x300.jpg 225w\" sizes=\"(max-width: 720px) 100vw, 720px\" \/><\/figure><\/li><li class=\"blocks-gallery-item\"><figure><img loading=\"lazy\" width=\"720\" height=\"960\" src=\"https:\/\/gdck-belimanastir.hr\/wp-content\/uploads\/2022\/11\/91898776_118040353176522_8891636575457247232_n.jpg\" alt=\"\" data-id=\"1381\" data-full-url=\"https:\/\/gdck-belimanastir.hr\/wp-content\/uploads\/2022\/11\/91898776_118040353176522_8891636575457247232_n.jpg\" data-link=\"https:\/\/gdck-belimanastir.hr\/?attachment_id=1381\" class=\"wp-image-1381\" srcset=\"https:\/\/gdck-belimanastir.hr\/wp-content\/uploads\/2022\/11\/91898776_118040353176522_8891636575457247232_n.jpg 720w, https:\/\/gdck-belimanastir.hr\/wp-content\/uploads\/2022\/11\/91898776_118040353176522_8891636575457247232_n-225x300.jpg 225w\" sizes=\"(max-width: 720px) 100vw, 720px\" \/><\/figure><\/li><li class=\"blocks-gallery-item\"><figure><img loading=\"lazy\" width=\"720\" height=\"960\" src=\"https:\/\/gdck-belimanastir.hr\/wp-content\/uploads\/2022\/11\/92017097_118040319843192_6888251880556724224_n.jpg\" alt=\"\" data-id=\"1382\" data-full-url=\"https:\/\/gdck-belimanastir.hr\/wp-content\/uploads\/2022\/11\/92017097_118040319843192_6888251880556724224_n.jpg\" data-link=\"https:\/\/gdck-belimanastir.hr\/?attachment_id=1382\" class=\"wp-image-1382\" srcset=\"https:\/\/gdck-belimanastir.hr\/wp-content\/uploads\/2022\/11\/92017097_118040319843192_6888251880556724224_n.jpg 720w, https:\/\/gdck-belimanastir.hr\/wp-content\/uploads\/2022\/11\/92017097_118040319843192_6888251880556724224_n-225x300.jpg 225w\" sizes=\"(max-width: 720px) 100vw, 720px\" \/><\/figure><\/li><li class=\"blocks-gallery-item\"><figure><img loading=\"lazy\" width=\"720\" height=\"960\" src=\"https:\/\/gdck-belimanastir.hr\/wp-content\/uploads\/2022\/11\/92286758_121210836192807_403096630783377408_n.jpg\" alt=\"\" data-id=\"1383\" data-full-url=\"https:\/\/gdck-belimanastir.hr\/wp-content\/uploads\/2022\/11\/92286758_121210836192807_403096630783377408_n.jpg\" data-link=\"https:\/\/gdck-belimanastir.hr\/?attachment_id=1383\" class=\"wp-image-1383\" srcset=\"https:\/\/gdck-belimanastir.hr\/wp-content\/uploads\/2022\/11\/92286758_121210836192807_403096630783377408_n.jpg 720w, https:\/\/gdck-belimanastir.hr\/wp-content\/uploads\/2022\/11\/92286758_121210836192807_403096630783377408_n-225x300.jpg 225w\" sizes=\"(max-width: 720px) 100vw, 720px\" \/><\/figure><\/li><li class=\"blocks-gallery-item\"><figure><img loading=\"lazy\" width=\"720\" height=\"960\" src=\"https:\/\/gdck-belimanastir.hr\/wp-content\/uploads\/2022\/11\/100912147_146282643685626_7783560443590606848_n.jpg\" alt=\"\" data-id=\"1384\" data-full-url=\"https:\/\/gdck-belimanastir.hr\/wp-content\/uploads\/2022\/11\/100912147_146282643685626_7783560443590606848_n.jpg\" data-link=\"https:\/\/gdck-belimanastir.hr\/?attachment_id=1384\" class=\"wp-image-1384\" srcset=\"https:\/\/gdck-belimanastir.hr\/wp-content\/uploads\/2022\/11\/100912147_146282643685626_7783560443590606848_n.jpg 720w, https:\/\/gdck-belimanastir.hr\/wp-content\/uploads\/2022\/11\/100912147_146282643685626_7783560443590606848_n-225x300.jpg 225w\" sizes=\"(max-width: 720px) 100vw, 720px\" \/><\/figure><\/li><li class=\"blocks-gallery-item\"><figure><img loading=\"lazy\" width=\"768\" height=\"1024\" src=\"https:\/\/gdck-belimanastir.hr\/wp-content\/uploads\/2022\/11\/101663000_148907656756458_8921458733335454526_n-768x1024.jpg\" alt=\"\" data-id=\"1385\" data-full-url=\"https:\/\/gdck-belimanastir.hr\/wp-content\/uploads\/2022\/11\/101663000_148907656756458_8921458733335454526_n.jpg\" data-link=\"https:\/\/gdck-belimanastir.hr\/?attachment_id=1385\" class=\"wp-image-1385\" srcset=\"https:\/\/gdck-belimanastir.hr\/wp-content\/uploads\/2022\/11\/101663000_148907656756458_8921458733335454526_n-768x1024.jpg 768w, https:\/\/gdck-belimanastir.hr\/wp-content\/uploads\/2022\/11\/101663000_148907656756458_8921458733335454526_n-225x300.jpg 225w, https:\/\/gdck-belimanastir.hr\/wp-content\/uploads\/2022\/11\/101663000_148907656756458_8921458733335454526_n-1152x1536.jpg 1152w, https:\/\/gdck-belimanastir.hr\/wp-content\/uploads\/2022\/11\/101663000_148907656756458_8921458733335454526_n.jpg 1511w\" sizes=\"(max-width: 768px) 100vw, 768px\" \/><\/figure><\/li><li class=\"blocks-gallery-item\"><figure><img loading=\"lazy\" width=\"960\" height=\"720\" src=\"https:\/\/gdck-belimanastir.hr\/wp-content\/uploads\/2022\/11\/102848898_147747270205830_4254021865233711104_n.jpg\" alt=\"\" data-id=\"1386\" data-full-url=\"https:\/\/gdck-belimanastir.hr\/wp-content\/uploads\/2022\/11\/102848898_147747270205830_4254021865233711104_n.jpg\" data-link=\"https:\/\/gdck-belimanastir.hr\/?attachment_id=1386\" class=\"wp-image-1386\" srcset=\"https:\/\/gdck-belimanastir.hr\/wp-content\/uploads\/2022\/11\/102848898_147747270205830_4254021865233711104_n.jpg 960w, https:\/\/gdck-belimanastir.hr\/wp-content\/uploads\/2022\/11\/102848898_147747270205830_4254021865233711104_n-300x225.jpg 300w, https:\/\/gdck-belimanastir.hr\/wp-content\/uploads\/2022\/11\/102848898_147747270205830_4254021865233711104_n-768x576.jpg 768w\" sizes=\"(max-width: 960px) 100vw, 960px\" \/><\/figure><\/li><li class=\"blocks-gallery-item\"><figure><img loading=\"lazy\" width=\"960\" height=\"720\" src=\"https:\/\/gdck-belimanastir.hr\/wp-content\/uploads\/2022\/11\/117404100_170877831226107_390324893250648958_n.jpg\" alt=\"\" data-id=\"1387\" data-full-url=\"https:\/\/gdck-belimanastir.hr\/wp-content\/uploads\/2022\/11\/117404100_170877831226107_390324893250648958_n.jpg\" data-link=\"https:\/\/gdck-belimanastir.hr\/?attachment_id=1387\" class=\"wp-image-1387\" srcset=\"https:\/\/gdck-belimanastir.hr\/wp-content\/uploads\/2022\/11\/117404100_170877831226107_390324893250648958_n.jpg 960w, https:\/\/gdck-belimanastir.hr\/wp-content\/uploads\/2022\/11\/117404100_170877831226107_390324893250648958_n-300x225.jpg 300w, https:\/\/gdck-belimanastir.hr\/wp-content\/uploads\/2022\/11\/117404100_170877831226107_390324893250648958_n-768x576.jpg 768w\" sizes=\"(max-width: 960px) 100vw, 960px\" \/><\/figure><\/li><li class=\"blocks-gallery-item\"><figure><img loading=\"lazy\" width=\"960\" height=\"720\" src=\"https:\/\/gdck-belimanastir.hr\/wp-content\/uploads\/2022\/11\/119200507_181922883454935_8860248714142535629_n.jpg\" alt=\"\" data-id=\"1388\" data-full-url=\"https:\/\/gdck-belimanastir.hr\/wp-content\/uploads\/2022\/11\/119200507_181922883454935_8860248714142535629_n.jpg\" data-link=\"https:\/\/gdck-belimanastir.hr\/?attachment_id=1388\" class=\"wp-image-1388\" srcset=\"https:\/\/gdck-belimanastir.hr\/wp-content\/uploads\/2022\/11\/119200507_181922883454935_8860248714142535629_n.jpg 960w, https:\/\/gdck-belimanastir.hr\/wp-content\/uploads\/2022\/11\/119200507_181922883454935_8860248714142535629_n-300x225.jpg 300w, https:\/\/gdck-belimanastir.hr\/wp-content\/uploads\/2022\/11\/119200507_181922883454935_8860248714142535629_n-768x576.jpg 768w\" sizes=\"(max-width: 960px) 100vw, 960px\" \/><\/figure><\/li><li class=\"blocks-gallery-item\"><figure><img loading=\"lazy\" width=\"960\" height=\"640\" src=\"https:\/\/gdck-belimanastir.hr\/wp-content\/uploads\/2022\/11\/119864763_184291806551376_2985190839746144442_n.jpg\" alt=\"\" data-id=\"1389\" data-full-url=\"https:\/\/gdck-belimanastir.hr\/wp-content\/uploads\/2022\/11\/119864763_184291806551376_2985190839746144442_n.jpg\" data-link=\"https:\/\/gdck-belimanastir.hr\/?attachment_id=1389\" class=\"wp-image-1389\" srcset=\"https:\/\/gdck-belimanastir.hr\/wp-content\/uploads\/2022\/11\/119864763_184291806551376_2985190839746144442_n.jpg 960w, https:\/\/gdck-belimanastir.hr\/wp-content\/uploads\/2022\/11\/119864763_184291806551376_2985190839746144442_n-300x200.jpg 300w, https:\/\/gdck-belimanastir.hr\/wp-content\/uploads\/2022\/11\/119864763_184291806551376_2985190839746144442_n-768x512.jpg 768w\" sizes=\"(max-width: 960px) 100vw, 960px\" \/><\/figure><\/li><li class=\"blocks-gallery-item\"><figure><img loading=\"lazy\" width=\"960\" height=\"640\" src=\"https:\/\/gdck-belimanastir.hr\/wp-content\/uploads\/2022\/11\/119924766_184291693218054_8862515345458970144_n.jpg\" alt=\"\" data-id=\"1390\" data-full-url=\"https:\/\/gdck-belimanastir.hr\/wp-content\/uploads\/2022\/11\/119924766_184291693218054_8862515345458970144_n.jpg\" data-link=\"https:\/\/gdck-belimanastir.hr\/?attachment_id=1390\" class=\"wp-image-1390\" srcset=\"https:\/\/gdck-belimanastir.hr\/wp-content\/uploads\/2022\/11\/119924766_184291693218054_8862515345458970144_n.jpg 960w, https:\/\/gdck-belimanastir.hr\/wp-content\/uploads\/2022\/11\/119924766_184291693218054_8862515345458970144_n-300x200.jpg 300w, https:\/\/gdck-belimanastir.hr\/wp-content\/uploads\/2022\/11\/119924766_184291693218054_8862515345458970144_n-768x512.jpg 768w\" sizes=\"(max-width: 960px) 100vw, 960px\" \/><\/figure><\/li><li class=\"blocks-gallery-item\"><figure><img loading=\"lazy\" width=\"960\" height=\"640\" src=\"https:\/\/gdck-belimanastir.hr\/wp-content\/uploads\/2022\/11\/135847323_239234974390392_8173304321146235414_n-1.jpg\" alt=\"\" data-id=\"1391\" data-full-url=\"https:\/\/gdck-belimanastir.hr\/wp-content\/uploads\/2022\/11\/135847323_239234974390392_8173304321146235414_n-1.jpg\" data-link=\"https:\/\/gdck-belimanastir.hr\/?attachment_id=1391\" class=\"wp-image-1391\" srcset=\"https:\/\/gdck-belimanastir.hr\/wp-content\/uploads\/2022\/11\/135847323_239234974390392_8173304321146235414_n-1.jpg 960w, https:\/\/gdck-belimanastir.hr\/wp-content\/uploads\/2022\/11\/135847323_239234974390392_8173304321146235414_n-1-300x200.jpg 300w, https:\/\/gdck-belimanastir.hr\/wp-content\/uploads\/2022\/11\/135847323_239234974390392_8173304321146235414_n-1-768x512.jpg 768w\" sizes=\"(max-width: 960px) 100vw, 960px\" \/><\/figure><\/li><li class=\"blocks-gallery-item\"><figure><img loading=\"lazy\" width=\"720\" height=\"960\" src=\"https:\/\/gdck-belimanastir.hr\/wp-content\/uploads\/2022\/11\/147677421_270018777978678_6000511114244599281_n-1.jpg\" alt=\"\" data-id=\"1392\" data-full-url=\"https:\/\/gdck-belimanastir.hr\/wp-content\/uploads\/2022\/11\/147677421_270018777978678_6000511114244599281_n-1.jpg\" data-link=\"https:\/\/gdck-belimanastir.hr\/?attachment_id=1392\" class=\"wp-image-1392\" srcset=\"https:\/\/gdck-belimanastir.hr\/wp-content\/uploads\/2022\/11\/147677421_270018777978678_6000511114244599281_n-1.jpg 720w, https:\/\/gdck-belimanastir.hr\/wp-content\/uploads\/2022\/11\/147677421_270018777978678_6000511114244599281_n-1-225x300.jpg 225w\" sizes=\"(max-width: 720px) 100vw, 720px\" \/><\/figure><\/li><li class=\"blocks-gallery-item\"><figure><img loading=\"lazy\" width=\"720\" height=\"960\" src=\"https:\/\/gdck-belimanastir.hr\/wp-content\/uploads\/2022\/11\/170757212_309198687394020_2712042605221130216_n-1.jpg\" alt=\"\" data-id=\"1393\" data-full-url=\"https:\/\/gdck-belimanastir.hr\/wp-content\/uploads\/2022\/11\/170757212_309198687394020_2712042605221130216_n-1.jpg\" data-link=\"https:\/\/gdck-belimanastir.hr\/?attachment_id=1393\" class=\"wp-image-1393\" srcset=\"https:\/\/gdck-belimanastir.hr\/wp-content\/uploads\/2022\/11\/170757212_309198687394020_2712042605221130216_n-1.jpg 720w, https:\/\/gdck-belimanastir.hr\/wp-content\/uploads\/2022\/11\/170757212_309198687394020_2712042605221130216_n-1-225x300.jpg 225w\" sizes=\"(max-width: 720px) 100vw, 720px\" \/><\/figure><\/li><\/ul><\/figure>\n\n\n\n<p><\/p>\n","protected":false},"excerpt":{"rendered":"<p>Volontiranje je dobrovoljno ulaganje osobnog vremena, truda, znanja i vje\u0161tina kojima se obavljaju usluge ili aktivnosti za dobrobit druge osobe ili za zajedni\u010dku dobrobit, a obavljaju ih osobe na na\u010din predvi\u0111en ovim Zakonom, bez postojanja uvjeta isplate nov\u010dane nagrade ili potra\u017eivanja druge imovinske koristi za obavljeno volontiranje, ako ovim Zakonom nije druk\u010dije odre\u0111eno. Sve zainteresirane [&hellip;]<\/p>\n","protected":false},"author":1,"featured_media":0,"parent":0,"menu_order":0,"comment_status":"closed","ping_status":"closed","template":"","meta":[],"_links":{"self":[{"href":"https:\/\/gdck-belimanastir.hr\/index.php?rest_route=\/wp\/v2\/pages\/62"}],"collection":[{"href":"https:\/\/gdck-belimanastir.hr\/index.php?rest_route=\/wp\/v2\/pages"}],"about":[{"href":"https:\/\/gdck-belimanastir.hr\/index.php?rest_route=\/wp\/v2\/types\/page"}],"author":[{"embeddable":true,"href":"https:\/\/gdck-belimanastir.hr\/index.php?rest_route=\/wp\/v2\/users\/1"}],"replies":[{"embeddable":true,"href":"https:\/\/gdck-belimanastir.hr\/index.php?rest_route=%2Fwp%2Fv2%2Fcomments&post=62"}],"version-history":[{"count":4,"href":"https:\/\/gdck-belimanastir.hr\/index.php?rest_route=\/wp\/v2\/pages\/62\/revisions"}],"predecessor-version":[{"id":1395,"href":"https:\/\/gdck-belimanastir.hr\/index.php?rest_route=\/wp\/v2\/pages\/62\/revisions\/1395"}],"wp:attachment":[{"href":"https:\/\/gdck-belimanastir.hr\/index.php?rest_route=%2Fwp%2Fv2%2Fmedia&parent=62"}],"curies":[{"name":"wp","href":"https:\/\/api.w.org\/{rel}","templated":true}]}}