{"id":63,"date":"2020-10-18T18:00:06","date_gmt":"2020-10-18T16:00:06","guid":{"rendered":"http:\/\/gdck-belimanastir.hr\/?page_id=63"},"modified":"2022-11-10T19:20:02","modified_gmt":"2022-11-10T18:20:02","slug":"prava-i-obveze-volontera","status":"publish","type":"page","link":"https:\/\/gdck-belimanastir.hr\/?page_id=63","title":{"rendered":"Prava i obveze volontera"},"content":{"rendered":"\n<p class=\"has-medium-font-size\">VOLONTERKA ILI VOLONTER IMA PRAVO:<\/p>\n\n\n\n<ul><li>Na pisanu potvrdu o volontiranju,<\/li><li>Na sklapanje ugovora o volontiranju u pisanom obliku, ako to zatra\u017ei,<\/li><li>Na upoznavanje s Kodeksom i eti\u010dkim normama bitnima za pojedini oblik volontiranja,<\/li><li>Na prikladnu edukaciju s ciljem pobolj\u0161anja kvalitete obavljenih aktivnosti i pru\u017eenih usluga, a osobito ako to zahtijeva narav volonterskih aktivnosti i usluga koje se pru\u017eaju,<\/li><li>Na stru\u010dnu pomo\u0107 i podr\u0161ku tijekom volontiranja,<\/li><li>Na upoznavanje s uvjetima volontiranja, aktivnostima koje \u0107e obavljati, uslugama koje \u0107e pru\u017eati i pravima koja im pripadaju na temelju ovoga Zakona i drugih propisa kao i op\u0107ih akata organizatora volontiranja, a u slu\u010daju sklapanja usmenog ugovora o tome daje izjavu u pisanom obliku,<\/li><li>Na primjerene i sigurne uvjete rada u skladu s naravi volonterskih aktivnosti koje obavlja,<\/li><li>Upoznati se s opasnostima vezanima uz specifi\u010dni oblik volontiranja koje obavlja,<\/li><li>Na dnevni odmor u ugovorenom trajanju,<\/li><li>Na za\u0161titu privatnosti i osobnih podataka,<\/li><li>Sudjelovati u odlu\u010divanju o pitanjima u vezi s volontiranjem sukladno mogu\u0107nostima organizatora volontiranja i obliku volontiranja,<\/li><li>Na detaljni opis poslova i aktivnosti volontiranja,<\/li><li>Pravo na stjecanje novih znanja, vje\u0161tina i kompetencija kroz volontiranje,<\/li><li>Pravo na priznavanje vje\u0161tina, kompetencija i iskustva ste\u010denog volontiranjem,<\/li><li>Pravo na potvrdu o kompetencijama ste\u010denim kroz volontiranje u slu\u010dajevima dugotrajnog volontiranja, ukoliko takvu zatra\u017ei.<\/li><\/ul>\n\n\n\n<p class=\"has-medium-font-size\">VOLONTERKA ILI VOLONTER SU OBVEZNI:<\/p>\n\n\n\n<ul><li>Volontirati u skladu sa stru\u010dnim propisima i eti\u010dkim pravilima, te po primljenim uputama organizatora volontiranja,<\/li><li>\u010cuvati poslovnu ili profesionalnu tajnu i povjerljive i osobne podatke o organizatoru ili korisniku volontiranja,<\/li><li>Odbiti volontiranje koje je suprotno propisima,<\/li><li>Po\u0161tivati integritet, misiju, ciljeve i vrijednosti organizatora volontiranja,<\/li><li>Sura\u0111ivati sa drugim volonterima i zaposlenicima organizatora volontiranja kako bi se osigurao kvalitetan prijenos znanja i iskustva po zavr\u0161etku volontiranja,<\/li><li>Prilikom po\u010detka, tijeka i prekida volontiranja paziti da svojim postupcima ne prouzro\u010di \u0161tetu organizatoru ili korisniku volontiranja.<\/li><\/ul>\n\n\n\n<div class=\"wp-block-file\"><a href=\"https:\/\/gdck-belimanastir.hr\/wp-content\/uploads\/2022\/11\/pravilnik-o-volontiranju-u-hrvatskom-crvenom-krizu.pdf\">pravilnik-o-volontiranju-u-hrvatskom-crvenom-krizu<\/a><a href=\"https:\/\/gdck-belimanastir.hr\/wp-content\/uploads\/2022\/11\/pravilnik-o-volontiranju-u-hrvatskom-crvenom-krizu.pdf\" class=\"wp-block-file__button\" download>Preuzmi<\/a><\/div>\n\n\n\n<p><\/p>\n","protected":false},"excerpt":{"rendered":"<p>VOLONTERKA ILI VOLONTER IMA PRAVO: Na pisanu potvrdu o volontiranju, Na sklapanje ugovora o volontiranju u pisanom obliku, ako to zatra\u017ei, Na upoznavanje s Kodeksom i eti\u010dkim normama bitnima za pojedini oblik volontiranja, Na prikladnu edukaciju s ciljem pobolj\u0161anja kvalitete obavljenih aktivnosti i pru\u017eenih usluga, a osobito ako to zahtijeva narav volonterskih aktivnosti i usluga [&hellip;]<\/p>\n","protected":false},"author":1,"featured_media":0,"parent":0,"menu_order":0,"comment_status":"closed","ping_status":"closed","template":"","meta":[],"_links":{"self":[{"href":"https:\/\/gdck-belimanastir.hr\/index.php?rest_route=\/wp\/v2\/pages\/63"}],"collection":[{"href":"https:\/\/gdck-belimanastir.hr\/index.php?rest_route=\/wp\/v2\/pages"}],"about":[{"href":"https:\/\/gdck-belimanastir.hr\/index.php?rest_route=\/wp\/v2\/types\/page"}],"author":[{"embeddable":true,"href":"https:\/\/gdck-belimanastir.hr\/index.php?rest_route=\/wp\/v2\/users\/1"}],"replies":[{"embeddable":true,"href":"https:\/\/gdck-belimanastir.hr\/index.php?rest_route=%2Fwp%2Fv2%2Fcomments&post=63"}],"version-history":[{"count":3,"href":"https:\/\/gdck-belimanastir.hr\/index.php?rest_route=\/wp\/v2\/pages\/63\/revisions"}],"predecessor-version":[{"id":1246,"href":"https:\/\/gdck-belimanastir.hr\/index.php?rest_route=\/wp\/v2\/pages\/63\/revisions\/1246"}],"wp:attachment":[{"href":"https:\/\/gdck-belimanastir.hr\/index.php?rest_route=%2Fwp%2Fv2%2Fmedia&parent=63"}],"curies":[{"name":"wp","href":"https:\/\/api.w.org\/{rel}","templated":true}]}}